{"id":860,"date":"2021-09-16T20:15:00","date_gmt":"2021-09-16T20:15:00","guid":{"rendered":"http:\/\/www.montetabor.org.br\/?page_id=860"},"modified":"2021-09-16T20:15:00","modified_gmt":"2021-09-16T20:15:00","slug":"lgpd","status":"publish","type":"page","link":"https:\/\/montetabor.org.br\/index.php\/lgpd\/","title":{"rendered":"LGPD"},"content":{"rendered":"<p>Documentos Dispon\u00edveis:<\/p>\n<p>&nbsp;<\/p>\n<p><a href=\"http:\/\/www.montetabor.org.br\/politica_de_privacidade\">POL\u00cdTICA DE PRIVACIDADE<\/a><\/p>\n<p><a href=\"http:\/\/www.montetabor.org.br\/termos-de-uso\/\">TERMOS DE USO<\/a><\/p>\n<p><a href=\"http:\/\/www.montetabor.org.br\/aviso-de-privacidade\/\">AVISO DE PRIVACIDADE<\/a><\/p>\n<p><a href=\"http:\/\/www.montetabor.org.br\/carta-de-compromisso\/\">CARTA DE COMPROMISSO<\/a><\/p>\n<p><a href=\"http:\/\/www.montetabor.org.br\/contato-do-encarregado-dpo\/\">CONTATO DO ENCARREGADO (DPO)<\/a><\/p>\n<p><a href=\"http:\/\/www.montetabor.org.br\/wp-content\/uploads\/2022\/09\/MT-Codigo-de-Conduta.pdf\">C\u00d3DIGO DE CONDUTA<\/a><\/p>\n","protected":false},"excerpt":{"rendered":"<p>Documentos Dispon\u00edveis: &nbsp; POL\u00cdTICA DE PRIVACIDADE TERMOS DE USO AVISO DE PRIVACIDADE CARTA DE COMPROMISSO CONTATO DO ENCARREGADO (DPO) C\u00d3DIGO DE CONDUTA<\/p>\n","protected":false},"author":1,"featured_media":0,"parent":0,"menu_order":0,"comment_status":"closed","ping_status":"closed","template":"","meta":{"footnotes":""},"class_list":["post-860","page","type-page","status-publish","hentry"],"jetpack_sharing_enabled":true,"_links":{"self":[{"href":"https:\/\/montetabor.org.br\/index.php\/wp-json\/wp\/v2\/pages\/860","targetHints":{"allow":["GET"]}}],"collection":[{"href":"https:\/\/montetabor.org.br\/index.php\/wp-json\/wp\/v2\/pages"}],"about":[{"href":"https:\/\/montetabor.org.br\/index.php\/wp-json\/wp\/v2\/types\/page"}],"author":[{"embeddable":true,"href":"https:\/\/montetabor.org.br\/index.php\/wp-json\/wp\/v2\/users\/1"}],"replies":[{"embeddable":true,"href":"https:\/\/montetabor.org.br\/index.php\/wp-json\/wp\/v2\/comments?post=860"}],"version-history":[{"count":0,"href":"https:\/\/montetabor.org.br\/index.php\/wp-json\/wp\/v2\/pages\/860\/revisions"}],"wp:attachment":[{"href":"https:\/\/montetabor.org.br\/index.php\/wp-json\/wp\/v2\/media?parent=860"}],"curies":[{"name":"wp","href":"https:\/\/api.w.org\/{rel}","templated":true}]}}