{"id":799,"date":"2021-09-14T22:05:22","date_gmt":"2021-09-14T22:05:22","guid":{"rendered":"http:\/\/www.montetabor.org.br\/?page_id=799"},"modified":"2024-03-19T20:32:39","modified_gmt":"2024-03-19T20:32:39","slug":"carta-de-compromisso","status":"publish","type":"page","link":"https:\/\/montetabor.org.br\/index.php\/carta-de-compromisso\/","title":{"rendered":"CARTA DE COMPROMISSO"},"content":{"rendered":"\n<h2 class=\"wp-block-heading\"><span style=\"text-transform: initial;\">&nbsp;Monte Tabor e a Lei Geral de Prote\u00e7\u00e3o de Dados<\/span><\/h2>\n\n\n\n<p>A Lei Geral de Prote\u00e7\u00e3o de Dados Pessoais, Lei 13.709\/2018, estabeleceu diversos limites \u00e0s organiza\u00e7\u00f5es que controlam e processam dados pessoais dos indiv\u00edduos, de forma a propiciar uma prote\u00e7\u00e3o mais adequada a esses dados, respeitando direitos como privacidade, intimidade e liberdade de express\u00e3o.<\/p>\n\n\n\n<p>\u00c9 um regulamento que se aplica a todas as organiza\u00e7\u00f5es que coletam e processam dados pessoais no territ\u00f3rio nacional ou que ofere\u00e7am bens ou servi\u00e7os para indiv\u00edduos localizados no territ\u00f3rio nacional.<\/p>\n\n\n\n<p>Ciente de suas responsabilidades, o Monte Tabor &#8211; Centro \u00cdtalo Brasileiro de Promo\u00e7\u00e3o Sanit\u00e1ria trabalha na estrutura\u00e7\u00e3o de pol\u00edticas e processos aderentes ao cumprimento da LGPD a fim de garantir que medidas eficazes sejam realizadas para proteger os dados pessoais de nossos clientes, alunos, pacientes, colaboradores, terceiros, prestadores de servi\u00e7o, fornecedores e outros interessados.<\/p>\n\n\n\n<p>O compromisso com a privacidade dos dados pessoais se estende aos diretores, colaboradores, volunt\u00e1rios e terceirizados da organiza\u00e7\u00e3o e ser\u00e1 demonstrado por meio de pol\u00edticas e fornecimento de recursos apropriados para estabelecer e desenvolver controles eficazes de prote\u00e7\u00e3o de dados e seguran\u00e7a da informa\u00e7\u00e3o.<\/p>\n\n\n\n<p>Temos em frequente atualiza\u00e7\u00e3o um Programa de Governan\u00e7a em Privacidade que contempla as Pol\u00edticas de Prote\u00e7\u00e3o de Dados e Privacidade. Nosso Programa de Governan\u00e7a \u00e9 revisado e atualizado regularmente, baseado em um processo de avalia\u00e7\u00e3o sistem\u00e1tica de impactos e riscos \u00e0 privacidade, para garantir que seus objetivos sejam alcan\u00e7ados e que quest\u00f5es relevantes sejam identificadas e abordadas.<\/p>\n\n\n\n<p>Nosso compromisso com a presta\u00e7\u00e3o de atividades inspiradas no mandamento \u201cIde, ensinai e curai\u201d, agora \u00e9 refor\u00e7ado atrav\u00e9s da implementa\u00e7\u00e3o de um novo Programa de Governan\u00e7a.<\/p>\n\n\n\n<p>Laura Ziller<\/p>\n\n\n\n<p>Presidente<\/p>\n","protected":false},"excerpt":{"rendered":"<p>&nbsp;Monte Tabor e a Lei Geral de Prote\u00e7\u00e3o de Dados A Lei Geral de Prote\u00e7\u00e3o de Dados Pessoais, Lei 13.709\/2018, estabeleceu diversos limites \u00e0s organiza\u00e7\u00f5es que controlam e processam dados pessoais dos indiv\u00edduos, de forma a propiciar uma prote\u00e7\u00e3o mais adequada a esses dados, respeitando direitos como privacidade, intimidade e liberdade de express\u00e3o. \u00c9 um regulamento que se aplica a todas as organiza\u00e7\u00f5es que coletam e processam dados pessoais no territ\u00f3rio nacional ou que ofere\u00e7am bens ou servi\u00e7os para indiv\u00edduos localizados no territ\u00f3rio nacional. Ciente de suas responsabilidades, o Monte Tabor &#8211; Centro \u00cdtalo Brasileiro de Promo\u00e7\u00e3o Sanit\u00e1ria trabalha na estrutura\u00e7\u00e3o de pol\u00edticas e processos aderentes ao cumprimento da LGPD a fim de garantir que medidas eficazes sejam realizadas para proteger os dados pessoais de nossos clientes, alunos, pacientes, colaboradores, terceiros, prestadores de servi\u00e7o, fornecedores e outros interessados. O compromisso com a privacidade dos dados pessoais se estende aos diretores, colaboradores, volunt\u00e1rios e terceirizados da organiza\u00e7\u00e3o e ser\u00e1 demonstrado por meio de pol\u00edticas e fornecimento de recursos apropriados para estabelecer e desenvolver controles eficazes de prote\u00e7\u00e3o de dados e seguran\u00e7a da informa\u00e7\u00e3o. Temos em frequente atualiza\u00e7\u00e3o um Programa de Governan\u00e7a em Privacidade que contempla as Pol\u00edticas de Prote\u00e7\u00e3o de Dados e Privacidade. Nosso Programa de Governan\u00e7a \u00e9 revisado e atualizado regularmente, baseado em um processo de avalia\u00e7\u00e3o sistem\u00e1tica de impactos e riscos \u00e0 privacidade, para garantir que seus objetivos sejam alcan\u00e7ados e que quest\u00f5es relevantes sejam identificadas e abordadas. Nosso compromisso com a presta\u00e7\u00e3o de atividades inspiradas no mandamento \u201cIde, ensinai e curai\u201d, agora \u00e9 refor\u00e7ado atrav\u00e9s da implementa\u00e7\u00e3o de um novo Programa de Governan\u00e7a. Laura Ziller Presidente<\/p>\n","protected":false},"author":1,"featured_media":0,"parent":0,"menu_order":0,"comment_status":"closed","ping_status":"closed","template":"","meta":{"footnotes":""},"class_list":["post-799","page","type-page","status-publish","hentry"],"jetpack_sharing_enabled":true,"_links":{"self":[{"href":"https:\/\/montetabor.org.br\/index.php\/wp-json\/wp\/v2\/pages\/799","targetHints":{"allow":["GET"]}}],"collection":[{"href":"https:\/\/montetabor.org.br\/index.php\/wp-json\/wp\/v2\/pages"}],"about":[{"href":"https:\/\/montetabor.org.br\/index.php\/wp-json\/wp\/v2\/types\/page"}],"author":[{"embeddable":true,"href":"https:\/\/montetabor.org.br\/index.php\/wp-json\/wp\/v2\/users\/1"}],"replies":[{"embeddable":true,"href":"https:\/\/montetabor.org.br\/index.php\/wp-json\/wp\/v2\/comments?post=799"}],"version-history":[{"count":1,"href":"https:\/\/montetabor.org.br\/index.php\/wp-json\/wp\/v2\/pages\/799\/revisions"}],"predecessor-version":[{"id":1385,"href":"https:\/\/montetabor.org.br\/index.php\/wp-json\/wp\/v2\/pages\/799\/revisions\/1385"}],"wp:attachment":[{"href":"https:\/\/montetabor.org.br\/index.php\/wp-json\/wp\/v2\/media?parent=799"}],"curies":[{"name":"wp","href":"https:\/\/api.w.org\/{rel}","templated":true}]}}