{"id":764,"date":"2021-08-28T03:05:42","date_gmt":"2021-08-28T03:05:42","guid":{"rendered":"http:\/\/www.montetabor.org.br\/?page_id=764"},"modified":"2024-11-01T12:25:33","modified_gmt":"2024-11-01T12:25:33","slug":"aviso-de-privacidade","status":"publish","type":"page","link":"https:\/\/montetabor.org.br\/index.php\/bs-front-page\/aviso-de-privacidade\/","title":{"rendered":"AVISO DE PRIVACIDADE"},"content":{"rendered":"\t\t<div data-elementor-type=\"wp-page\" data-elementor-id=\"764\" class=\"elementor elementor-764\">\n\t\t\t\t<div class=\"elementor-element elementor-element-c66e425 e-flex e-con-boxed wpr-particle-no wpr-jarallax-no wpr-parallax-no wpr-sticky-section-no wpr-equal-height-no e-con e-parent\" data-id=\"c66e425\" data-element_type=\"container\" data-e-type=\"container\">\n\t\t\t\t\t<div class=\"e-con-inner\">\n\t\t\t\t<div class=\"elementor-element elementor-element-564efff elementor-widget__width-inherit elementor-alert-info elementor-widget elementor-widget-alert\" data-id=\"564efff\" data-element_type=\"widget\" data-e-type=\"widget\" data-widget_type=\"alert.default\">\n\t\t\t\t<div class=\"elementor-widget-container\">\n\t\t\t\t\t\t\t<div class=\"elementor-alert\" role=\"alert\">\n\n\t\t\t\t\t\t<span class=\"elementor-alert-title\">Veja tamb\u00e9m a Politica de Privacidade completa:<\/span>\n\t\t\t\n\t\t\t\t\t\t<span class=\"elementor-alert-description\">O documento est\u00e1 dispon\u00edvel no formato PDF. Click no link abaixo para visualizar \n\n<p><a href=\"https:\/\/montetabor.org.br\/wp-content\/uploads\/2024\/10\/DOC-103-TI-POLITICA-DE-PRIVACIDADE.pdf\">DOC 103 TI POLITICA DE PRIVACIDADE<\/a><\/p><\/span>\n\t\t\t\n\t\t\t\t\t\t<button type=\"button\" class=\"elementor-alert-dismiss\" aria-label=\"Dispensar este alerta.\">\n\t\t\t\t\t\t\t\t\t<span aria-hidden=\"true\">&times;<\/span>\n\t\t\t\t\t\t\t<\/button>\n\t\t\t\n\t\t<\/div>\n\t\t\t\t\t\t<\/div>\n\t\t\t\t<\/div>\n\t\t\t\t<div class=\"elementor-element elementor-element-72bda901 elementor-widget elementor-widget-text-editor\" data-id=\"72bda901\" data-element_type=\"widget\" data-e-type=\"widget\" data-widget_type=\"text-editor.default\">\n\t\t\t\t<div class=\"elementor-widget-container\">\n\t\t\t\t\t\t\t\t\t\n<p>N\u00f3s cuidamos dos seus dados pessoais de forma respons\u00e1vel e em total respeito \u00e0 privacidade e, por isso, em breve disponibilizaremos nossas Pol\u00edticas de Governan\u00e7a, Privacidade e de Seguran\u00e7a da Informa\u00e7\u00e3o.&nbsp;<\/p>\n\n\n\n<p>Em hip\u00f3tese alguma, a n\u00e3o ser por disposi\u00e7\u00f5es legais ou com a aprova\u00e7\u00e3o pr\u00e9via de seus titulares, ser\u00e3o divulgados os dados pessoais coletados sob nossa guarda.&nbsp;<\/p>\n\n\n\n<p>Este documento foi elaborado em conformidade com a Lei Geral de Prote\u00e7\u00e3o de Dados Pessoais (Lei 13.709\/18) e o Marco Civil da Internet (Lei 12.965\/14).&nbsp;<\/p>\n\n\n\n<p><strong>Aceite<\/strong>&nbsp;<\/p>\n\n\n\n<p>Ao utilizar os nossos servi\u00e7os e\/ou acessar o website, voc\u00ea declara que est\u00e1 ciente e de acordo com os termos e condi\u00e7\u00f5es previstos neste documento.&nbsp;&nbsp;<\/p>\n\n\n\n<p>Se n\u00e3o concordar com algum dos termos e condi\u00e7\u00f5es aqui previstos, n\u00e3o dever\u00e1 utilizar os servi\u00e7os e\/ou acessar o website do Monte Tabor. Neste caso, voc\u00ea poder\u00e1 entrar em contato com o Encarregado pelo Tratamento de Dados Pessoais (DPO).&nbsp;&nbsp;<\/p>\n\n\n\n<p><strong>Encarregado pelo Tratamento de Dados Pessoais<\/strong>&nbsp;<\/p>\n\n\n\n<p>O Deivson Ferreira Pereira \u00e9 o nosso Encarregado, que atua como canal de comunica\u00e7\u00e3o com os titulares dos dados e a Autoridade Nacional de Prote\u00e7\u00e3o de Dados (ANPD), nos termos do Art 5o, VIII, da LGPD.&nbsp;<\/p>\n\n\n\n<p>Suas atividades consistem em:&nbsp;<\/p>\n\n\n\n<p>(i) aceitar reclama\u00e7\u00f5es e comunica\u00e7\u00f5es dos titulares, prestar esclarecimentos e adotar provid\u00eancias;&nbsp;<\/p>\n\n\n\n<p>(ii) receber comunica\u00e7\u00f5es da autoridade nacional e adotar provid\u00eancias; e&nbsp;<\/p>\n\n\n\n<p>(iii) orientar os funcion\u00e1rios e os contratados da entidade a respeito das pr\u00e1ticas a serem tomadas em rela\u00e7\u00e3o \u00e0 prote\u00e7\u00e3o de dados pessoais.&nbsp;<\/p>\n\n\n\n<p>Voc\u00ea pode entrar em contato com o nosso Encarregado pelo e-mail lgpd@montetabor.org.br&nbsp; ou pelo telefone (71) 3409-8113&nbsp;<\/p>\n\n\n\n<p><strong>Prote\u00e7\u00e3o dos Dados e Informa\u00e7\u00f5es<\/strong>&nbsp;<\/p>\n\n\n\n<p>O Monte Tabor est\u00e1 empenhado em garantir a prote\u00e7\u00e3o e a confidencialidade dos dados aos quais venha a ter acesso, em especial no que diz respeito aos dados pessoais e dados pessoais sens\u00edveis, de acordo com os fundamentos, princ\u00edpios e demais disposi\u00e7\u00f5es previstas na Lei Geral de Prote\u00e7\u00e3o de Dados.&nbsp;<\/p>\n\n\n\n<p>Para isso, implementamos medidas de seguran\u00e7a aptas a proteger os dados pessoais de acessos n\u00e3o autorizados e de situa\u00e7\u00f5es acidentais ou il\u00edcitas de destrui\u00e7\u00e3o, perda, altera\u00e7\u00e3o, comunica\u00e7\u00e3o ou qualquer forma de tratamento inadequado ou il\u00edcito.&nbsp;<\/p>\n\n\n\n<p><strong>Coleta de Dados Pessoais<\/strong>&nbsp;<\/p>\n\n\n\n<p>O Monte Tabor coleta dados dos usu\u00e1rios, alguns s\u00e3o coletados diretamente, enquanto outros s\u00e3o obtidos atrav\u00e9s de suas intera\u00e7\u00f5es, uso e experi\u00eancias com nossos servi\u00e7os. N\u00f3s tamb\u00e9m obtemos dados pessoais atrav\u00e9s de terceiros, para as mesmas finalidades permitidas a tais terceiros.&nbsp;<\/p>\n\n\n\n<p>Os nossos servi\u00e7os exigem determinados dados pessoais para que sejam oferecidos. Caso voc\u00ea opte por n\u00e3o disponibilizar os dados necess\u00e1rios para o fornecimento de um determinado servi\u00e7o, voc\u00ea n\u00e3o poder\u00e1 utiliz\u00e1-lo.&nbsp;&nbsp;<\/p>\n\n\n\n<p>N\u00f3s utilizamos como hip\u00f3teses de coleta\/tratamento de dados apenas formas autorizadas na Lei, como, mas n\u00e3o limitada a execu\u00e7\u00e3o de contrato, cumprimento de obriga\u00e7\u00e3o legal ou regulat\u00f3ria, exerc\u00edcio regular de direitos em processo, prote\u00e7\u00e3o do cr\u00e9dito ou quando necess\u00e1rio para atender aos interesses leg\u00edtimos do Monte Tabor. Se alguma destas op\u00e7\u00f5es estiverem relacionadas a um servi\u00e7o que j\u00e1 esteja sendo utilizado, a continuidade da sua utiliza\u00e7\u00e3o tamb\u00e9m depender\u00e1 da aceita\u00e7\u00e3o dos termos e condi\u00e7\u00f5es ora explicitados.&nbsp;<\/p>\n\n\n\n<p>Os seus dados pessoais ser\u00e3o armazenados pelo tempo que for necess\u00e1rio para cumprir com as finalidades para as quais os coletamos.&nbsp;<\/p>\n\n\n\n<p><strong>Direitos dos Titulares<\/strong>&nbsp;<\/p>\n\n\n\n<p>O titular dos dados pessoais tem direito a obter do Monte Tabor, em rela\u00e7\u00e3o aos seus dados por n\u00f3s tratados, a qualquer momento e mediante requisi\u00e7\u00e3o:&nbsp;<\/p>\n\n\n\n<p>I &#8211; confirma\u00e7\u00e3o da exist\u00eancia de tratamento;&nbsp;<\/p>\n\n\n\n<p>II &#8211; acesso aos dados;&nbsp;<\/p>\n\n\n\n<p>III &#8211; corre\u00e7\u00e3o de dados incompletos, inexatos ou desatualizados;&nbsp;<\/p>\n\n\n\n<p>IV &#8211; anonimiza\u00e7\u00e3o, bloqueio ou elimina\u00e7\u00e3o de dados desnecess\u00e1rios, excessivos ou tratados em desconformidade com o disposto na LGPD;&nbsp;<\/p>\n\n\n\n<p>V &#8211; portabilidade dos dados a outro fornecedor de servi\u00e7o ou produto, mediante requisi\u00e7\u00e3o expressa e observados os segredos comercial e industrial, de acordo com a regulamenta\u00e7\u00e3o do \u00f3rg\u00e3o controlador;&nbsp;<\/p>\n\n\n\n<p>VI &#8211; elimina\u00e7\u00e3o dos dados pessoais tratados com o consentimento do titular, exceto nas hip\u00f3teses previstas no art. 16 da LGPD;&nbsp;<\/p>\n\n\n\n<p>VII &#8211; informa\u00e7\u00e3o das entidades p\u00fablicas e privadas com as quais o Monte Tabor realizou uso compartilhado de dados;&nbsp;<\/p>\n\n\n\n<p>VIII &#8211; informa\u00e7\u00e3o sobre a possibilidade de n\u00e3o fornecer consentimento e sobre as consequ\u00eancias da negativa;&nbsp;<\/p>\n\n\n\n<p>IX &#8211; revoga\u00e7\u00e3o do consentimento, nos termos do \u00a7 5\u00ba do art. 8\u00ba da LGPD.&nbsp;<\/p>\n\n\n\n<p><strong>Cookies&nbsp;<\/strong>&nbsp;<\/p>\n\n\n\n<p>As informa\u00e7\u00f5es armazenadas em cookies que permitem identificar o titular s\u00e3o consideradas dados pessoais, ent\u00e3o todas as regras previstas neste Aviso tamb\u00e9m lhes s\u00e3o aplic\u00e1veis.&nbsp;<\/p>\n\n\n\n<p>Caso o titular discorde da coleta, poder\u00e1 configurar seu navegador para que cancele a instala\u00e7\u00e3o dos cookies, sem que isso prejudique seu acesso ao website. Use os links abaixo para gerenciar os cookies em seu navegador:&nbsp;<\/p>\n\n\n\n<p>Internet Explorer:&nbsp;<\/p>\n\n\n\n<p><a href=\"https:\/\/support.microsoft.com\/pt-br\/help\/17442\/windows-internet-explorer-delete-manage-cookies\">https:\/\/support.microsoft.com\/pt-br\/help\/17442\/windows-internet-explorer-delete-manage-cookies<\/a><\/p>\n\n\n\n<p>Safari:&nbsp;<\/p>\n\n\n\n<p><a href=\"https:\/\/support.apple.com\/pt-br\/guide\/safari\/sfri11471\/mac\">https:\/\/support.apple.com\/pt-br\/guide\/safari\/sfri11471\/mac<\/a><\/p>\n\n\n\n<p>Google Chrome:&nbsp;<\/p>\n\n\n\n<p><a href=\"https:\/\/support.google.com\/chrome\/answer\/95647?hl=pt-BR&amp;hlrm=pt\">https:\/\/support.google.com\/chrome\/answer\/95647?hl=pt-BR&amp;hlrm=pt<\/a><\/p>\n\n\n\n<p>Mozila Firefox:&nbsp;<\/p>\n\n\n\n<p><a href=\"https:\/\/support.mozilla.org\/pt-BR\/kb\/ative-e-desative-os-cookies-que-os-sites-usam\">https:\/\/support.mozilla.org\/pt-BR\/kb\/ative-e-desative-os-cookies-que-os-sites-usam<\/a><\/p>\n\n\n\n<p><strong>Vers\u00e3o<\/strong>&nbsp;<\/p>\n\n\n\n<p>Este Aviso de Privacidade foi atualizado pela \u00faltima vez em 19\/08\/2021.&nbsp;<\/p>\n\t\t\t\t\t\t\t\t<\/div>\n\t\t\t\t<\/div>\n\t\t\t\t\t<\/div>\n\t\t\t\t<\/div>\n\t\t<div class=\"elementor-element elementor-element-c62c72f e-flex e-con-boxed wpr-particle-no wpr-jarallax-no wpr-parallax-no wpr-sticky-section-no wpr-equal-height-no e-con e-parent\" data-id=\"c62c72f\" data-element_type=\"container\" data-e-type=\"container\">\n\t\t\t\t\t<div class=\"e-con-inner\">\n\t\t\t\t\t<\/div>\n\t\t\t\t<\/div>\n\t\t\t\t<\/div>\n\t\t","protected":false},"excerpt":{"rendered":"<p>Veja tamb\u00e9m a Politica de Privacidade completa: O documento est\u00e1 dispon\u00edvel no formato PDF. Click no link abaixo para visualizar DOC 103 TI POLITICA DE PRIVACIDADE &times; Dispensar este alerta. N\u00f3s cuidamos dos seus dados pessoais de forma respons\u00e1vel e em total respeito \u00e0 privacidade e, por isso, em breve disponibilizaremos nossas Pol\u00edticas de Governan\u00e7a, Privacidade e de Seguran\u00e7a da Informa\u00e7\u00e3o.&nbsp; Em hip\u00f3tese alguma, a n\u00e3o ser por disposi\u00e7\u00f5es legais ou com a aprova\u00e7\u00e3o pr\u00e9via de seus titulares, ser\u00e3o divulgados os dados pessoais coletados sob nossa guarda.&nbsp; Este documento foi elaborado em conformidade com a Lei Geral de Prote\u00e7\u00e3o de Dados Pessoais (Lei 13.709\/18) e o Marco Civil da Internet (Lei 12.965\/14).&nbsp; Aceite&nbsp; Ao utilizar os nossos servi\u00e7os e\/ou acessar o website, voc\u00ea declara que est\u00e1 ciente e de acordo com os termos e condi\u00e7\u00f5es previstos neste documento.&nbsp;&nbsp; Se n\u00e3o concordar com algum dos termos e condi\u00e7\u00f5es aqui previstos, n\u00e3o dever\u00e1 utilizar os servi\u00e7os e\/ou acessar o website do Monte Tabor. Neste caso, voc\u00ea poder\u00e1 entrar em contato com o Encarregado pelo Tratamento de Dados Pessoais (DPO).&nbsp;&nbsp; Encarregado pelo Tratamento de Dados Pessoais&nbsp; O Deivson Ferreira Pereira \u00e9 o nosso Encarregado, que atua como canal de comunica\u00e7\u00e3o com os titulares dos dados e a Autoridade Nacional de Prote\u00e7\u00e3o de Dados (ANPD), nos termos do Art 5o, VIII, da LGPD.&nbsp; Suas atividades consistem em:&nbsp; (i) aceitar reclama\u00e7\u00f5es e comunica\u00e7\u00f5es dos titulares, prestar esclarecimentos e adotar provid\u00eancias;&nbsp; (ii) receber comunica\u00e7\u00f5es da autoridade nacional e adotar provid\u00eancias; e&nbsp; (iii) orientar os funcion\u00e1rios e os contratados da entidade a respeito das pr\u00e1ticas a serem tomadas em rela\u00e7\u00e3o \u00e0 prote\u00e7\u00e3o de dados pessoais.&nbsp; Voc\u00ea pode entrar em contato com o nosso Encarregado pelo e-mail lgpd@montetabor.org.br&nbsp; ou pelo telefone (71) 3409-8113&nbsp; Prote\u00e7\u00e3o dos Dados e Informa\u00e7\u00f5es&nbsp; O Monte Tabor est\u00e1 empenhado em garantir a prote\u00e7\u00e3o e a confidencialidade dos dados aos quais venha a ter acesso, em especial no que diz respeito aos dados pessoais e dados pessoais sens\u00edveis, de acordo com os fundamentos, princ\u00edpios e demais disposi\u00e7\u00f5es previstas na Lei Geral de Prote\u00e7\u00e3o de Dados.&nbsp; Para isso, implementamos medidas de seguran\u00e7a aptas a proteger os dados pessoais de acessos n\u00e3o autorizados e de situa\u00e7\u00f5es acidentais ou il\u00edcitas de destrui\u00e7\u00e3o, perda, altera\u00e7\u00e3o, comunica\u00e7\u00e3o ou qualquer forma de tratamento inadequado ou il\u00edcito.&nbsp; Coleta de Dados Pessoais&nbsp; O Monte Tabor coleta dados dos usu\u00e1rios, alguns s\u00e3o coletados diretamente, enquanto outros s\u00e3o obtidos atrav\u00e9s de suas intera\u00e7\u00f5es, uso e experi\u00eancias com nossos servi\u00e7os. N\u00f3s tamb\u00e9m obtemos dados pessoais atrav\u00e9s de terceiros, para as mesmas finalidades permitidas a tais terceiros.&nbsp; Os nossos servi\u00e7os exigem determinados dados pessoais para que sejam oferecidos. Caso voc\u00ea opte por n\u00e3o disponibilizar os dados necess\u00e1rios para o fornecimento de um determinado servi\u00e7o, voc\u00ea n\u00e3o poder\u00e1 utiliz\u00e1-lo.&nbsp;&nbsp; N\u00f3s utilizamos como hip\u00f3teses de coleta\/tratamento de dados apenas formas autorizadas na Lei, como, mas n\u00e3o limitada a execu\u00e7\u00e3o de contrato, cumprimento de obriga\u00e7\u00e3o legal ou regulat\u00f3ria, exerc\u00edcio regular de direitos em processo, prote\u00e7\u00e3o do cr\u00e9dito ou quando necess\u00e1rio para atender aos interesses leg\u00edtimos do Monte Tabor. Se alguma destas op\u00e7\u00f5es estiverem relacionadas a um servi\u00e7o que j\u00e1 esteja sendo utilizado, a continuidade da sua utiliza\u00e7\u00e3o tamb\u00e9m depender\u00e1 da aceita\u00e7\u00e3o dos termos e condi\u00e7\u00f5es ora explicitados.&nbsp; Os seus dados pessoais ser\u00e3o armazenados pelo tempo que for necess\u00e1rio para cumprir com as finalidades para as quais os coletamos.&nbsp; Direitos dos Titulares&nbsp; O titular dos dados pessoais tem direito a obter do Monte Tabor, em rela\u00e7\u00e3o aos seus dados por n\u00f3s tratados, a qualquer momento e mediante requisi\u00e7\u00e3o:&nbsp; I &#8211; confirma\u00e7\u00e3o da exist\u00eancia de tratamento;&nbsp; II &#8211; acesso aos dados;&nbsp; III &#8211; corre\u00e7\u00e3o de dados incompletos, inexatos ou desatualizados;&nbsp; IV &#8211; anonimiza\u00e7\u00e3o, bloqueio ou elimina\u00e7\u00e3o de dados desnecess\u00e1rios, excessivos ou tratados em desconformidade com o disposto na LGPD;&nbsp; V &#8211; portabilidade dos dados a outro fornecedor de servi\u00e7o ou produto, mediante requisi\u00e7\u00e3o expressa e observados os segredos comercial e industrial, de acordo com a regulamenta\u00e7\u00e3o do \u00f3rg\u00e3o controlador;&nbsp; VI &#8211; elimina\u00e7\u00e3o dos dados pessoais tratados com o consentimento do titular, exceto nas hip\u00f3teses previstas no art. 16 da LGPD;&nbsp; VII &#8211; informa\u00e7\u00e3o das entidades p\u00fablicas e privadas com as quais o Monte Tabor realizou uso compartilhado de dados;&nbsp; VIII &#8211; informa\u00e7\u00e3o sobre a possibilidade de n\u00e3o fornecer consentimento e sobre as consequ\u00eancias da negativa;&nbsp; IX &#8211; revoga\u00e7\u00e3o do consentimento, nos termos do \u00a7 5\u00ba do art. 8\u00ba da LGPD.&nbsp; Cookies&nbsp;&nbsp; As informa\u00e7\u00f5es armazenadas em cookies que permitem identificar o titular s\u00e3o consideradas dados pessoais, ent\u00e3o todas as regras previstas neste Aviso tamb\u00e9m lhes s\u00e3o aplic\u00e1veis.&nbsp; Caso o titular discorde da coleta, poder\u00e1 configurar seu navegador para que cancele a instala\u00e7\u00e3o dos cookies, sem que isso prejudique seu acesso ao website. Use os links abaixo para gerenciar os cookies em seu navegador:&nbsp; Internet Explorer:&nbsp; https:\/\/support.microsoft.com\/pt-br\/help\/17442\/windows-internet-explorer-delete-manage-cookies Safari:&nbsp; https:\/\/support.apple.com\/pt-br\/guide\/safari\/sfri11471\/mac Google Chrome:&nbsp; https:\/\/support.google.com\/chrome\/answer\/95647?hl=pt-BR&amp;hlrm=pt Mozila Firefox:&nbsp; https:\/\/support.mozilla.org\/pt-BR\/kb\/ative-e-desative-os-cookies-que-os-sites-usam Vers\u00e3o&nbsp; Este Aviso de Privacidade foi atualizado pela \u00faltima vez em 19\/08\/2021.&nbsp;<\/p>\n","protected":false},"author":1,"featured_media":0,"parent":1301,"menu_order":3,"comment_status":"closed","ping_status":"closed","template":"","meta":{"footnotes":""},"class_list":["post-764","page","type-page","status-publish","hentry"],"jetpack_sharing_enabled":true,"_links":{"self":[{"href":"https:\/\/montetabor.org.br\/index.php\/wp-json\/wp\/v2\/pages\/764","targetHints":{"allow":["GET"]}}],"collection":[{"href":"https:\/\/montetabor.org.br\/index.php\/wp-json\/wp\/v2\/pages"}],"about":[{"href":"https:\/\/montetabor.org.br\/index.php\/wp-json\/wp\/v2\/types\/page"}],"author":[{"embeddable":true,"href":"https:\/\/montetabor.org.br\/index.php\/wp-json\/wp\/v2\/users\/1"}],"replies":[{"embeddable":true,"href":"https:\/\/montetabor.org.br\/index.php\/wp-json\/wp\/v2\/comments?post=764"}],"version-history":[{"count":4,"href":"https:\/\/montetabor.org.br\/index.php\/wp-json\/wp\/v2\/pages\/764\/revisions"}],"predecessor-version":[{"id":1697,"href":"https:\/\/montetabor.org.br\/index.php\/wp-json\/wp\/v2\/pages\/764\/revisions\/1697"}],"up":[{"embeddable":true,"href":"https:\/\/montetabor.org.br\/index.php\/wp-json\/wp\/v2\/pages\/1301"}],"wp:attachment":[{"href":"https:\/\/montetabor.org.br\/index.php\/wp-json\/wp\/v2\/media?parent=764"}],"curies":[{"name":"wp","href":"https:\/\/api.w.org\/{rel}","templated":true}]}}