{"id":177,"date":"2019-12-21T16:34:35","date_gmt":"2019-12-21T16:34:35","guid":{"rendered":"http:\/\/www.montetabor.org.br\/?page_id=177"},"modified":"2024-03-19T21:11:46","modified_gmt":"2024-03-19T21:11:46","slug":"missao-barra","status":"publish","type":"page","link":"https:\/\/montetabor.org.br\/index.php\/missao-barra\/","title":{"rendered":"Miss\u00e3o Barra"},"content":{"rendered":"\n<figure class=\"wp-block-image size-large\"><img fetchpriority=\"high\" decoding=\"async\" width=\"1024\" height=\"682\" src=\"http:\/\/54.90.57.89\/wp-content\/uploads\/2024\/03\/Estudante-brincando-com-menina-scaled-1-1024x682.jpg\" alt=\"\" class=\"wp-image-1454\" srcset=\"https:\/\/montetabor.org.br\/wp-content\/uploads\/2024\/03\/Estudante-brincando-com-menina-scaled-1-1024x682.jpg 1024w, https:\/\/montetabor.org.br\/wp-content\/uploads\/2024\/03\/Estudante-brincando-com-menina-scaled-1-300x200.jpg 300w, https:\/\/montetabor.org.br\/wp-content\/uploads\/2024\/03\/Estudante-brincando-com-menina-scaled-1-768x512.jpg 768w, https:\/\/montetabor.org.br\/wp-content\/uploads\/2024\/03\/Estudante-brincando-com-menina-scaled-1-1536x1024.jpg 1536w, https:\/\/montetabor.org.br\/wp-content\/uploads\/2024\/03\/Estudante-brincando-com-menina-scaled-1-2048x1365.jpg 2048w\" sizes=\"(max-width: 1024px) 100vw, 1024px\" \/><\/figure>\n\n\n\n<p>Na miss\u00e3o de levar sa\u00fade \u00e0 popula\u00e7\u00e3o mais carente e esquecida pelo Estado, m\u00e9dicos, enfermeiros e residentes do S\u00e3o Rafael enfrentam, a cada 40 dias, mais de 12 horas di\u00e1rias de trabalho em uma regi\u00e3o in\u00f3spita no sert\u00e3o de Barra \u2013 oeste baiano. No in\u00edcio, a miss\u00e3o assumida por Frei Benjamin, a pedido de Dom Itamar Viana, (na \u00e9poca, Bispo de Barra) era vencer a hansen\u00edase que assolava a regi\u00e3o. No combate \u00e0 lepra, que colocou m\u00e9dicos ligados ao S\u00e3o Rafael e frei cara a cara com as popula\u00e7\u00f5es mais carentes da Bahia, novas frentes de batalha tiveram de ser abertas. Na busca da sa\u00fade e do homem integral, capaz de elevar o homem \u00e0 imagem de Deus, as equipes coordenadas pelo Monte Tabor\/S\u00e3o Rafael foram ampliadas, ganharam refor\u00e7o de gente, medicamentos e tecnologia, aumentaram o n\u00famero de visitas \u00e0 Barra e, ap\u00f3s vencer a hansen\u00edase, focaram a luta no enfrentamento \u00e0 escabiose, diarr\u00e9ia, hipertens\u00e3o, desnutri\u00e7\u00e3o, desidrata\u00e7\u00e3o e tantas outras enfermidades provocadas, na maioria das vezes, pela ignor\u00e2ncia, mis\u00e9ria e cren\u00e7as equivocadas. Uma guerra que ainda est\u00e1 longe do final, mas que, em 14 anos de batalha, conseguiu acumular muito mais vit\u00f3rias \u2013 como ao salvar as vidas de Jos\u00e9 e Dami\u00e3o \u2013 do que derrotas.<\/p>\n\n\n<div class=\"wp-block-image\">\n<figure class=\"aligncenter size-large\"><img decoding=\"async\" width=\"1024\" height=\"682\" src=\"http:\/\/54.90.57.89\/wp-content\/uploads\/2024\/03\/IMG_8967-2-scaled-1-1024x682.jpg\" alt=\"\" class=\"wp-image-1455\" srcset=\"https:\/\/montetabor.org.br\/wp-content\/uploads\/2024\/03\/IMG_8967-2-scaled-1-1024x682.jpg 1024w, https:\/\/montetabor.org.br\/wp-content\/uploads\/2024\/03\/IMG_8967-2-scaled-1-300x200.jpg 300w, https:\/\/montetabor.org.br\/wp-content\/uploads\/2024\/03\/IMG_8967-2-scaled-1-768x512.jpg 768w, https:\/\/montetabor.org.br\/wp-content\/uploads\/2024\/03\/IMG_8967-2-scaled-1-1536x1024.jpg 1536w, https:\/\/montetabor.org.br\/wp-content\/uploads\/2024\/03\/IMG_8967-2-scaled-1-2048x1365.jpg 2048w\" sizes=\"(max-width: 1024px) 100vw, 1024px\" \/><\/figure>\n<\/div>\n\n\n<p>A Miss\u00e3o Barra, ao longo dos anos, consolidou o seu trabalho e, hoje, faz um atendimento itinerante. Atualmente, abrange oito comunidades, quatro a cada visita. Numa rota presta atendimento \u00e0s \u00e1reas de Wanderlei, Curralinho, S\u00e3o Gon\u00e7alo e Limoeiro, e, na outra \u00e0s \u00e1reas de Santo Antonio, Olho d\u2019 \u00c1gua, Umburana e Sucuruiu. Dessa forma, as comunidades dos dois grupos recebem os volunt\u00e1rios da Miss\u00e3o a cada quatro meses. Mais de 64 mil atendimentos j\u00e1 foram realizados em 19 anos de Miss\u00e3o Barra, um trabalho realizado por especialistas das \u00e1reas de Cl\u00ednica M\u00e9dica, Pediatria, Oftalmologia e Ginecologia, al\u00e9m de t\u00e9cnicos e enfermeiros, que transformou a vida da popula\u00e7\u00e3o carente daquela regi\u00e3o.<\/p>\n\n\n\n<p>Em 2007, o Monte Tabor\/Hospital S\u00e3o Rafael deu mais um importante passo para levar assist\u00eancia m\u00e9dica de qualidade aos moradores do munic\u00edpio e arredores. Ao reformar e equipar o Hospital Municipal Ana Mariani, localizado na cidade, transformou visitas quase que bimestrais em atendimento permanente e de qualidade. Os anos de sucesso, cura e atendimento humanizado da miss\u00e3o Barra est\u00e3o mexendo com a expectativa da popula\u00e7\u00e3o em rela\u00e7\u00e3o ao novo hospital. \u201c<\/p>\n","protected":false},"excerpt":{"rendered":"<p>Na miss\u00e3o de levar sa\u00fade \u00e0 popula\u00e7\u00e3o mais carente e esquecida pelo Estado, m\u00e9dicos, enfermeiros e residentes do S\u00e3o Rafael enfrentam, a cada 40 dias, mais de 12 horas di\u00e1rias de trabalho em uma regi\u00e3o in\u00f3spita no sert\u00e3o de Barra \u2013 oeste baiano. No in\u00edcio, a miss\u00e3o assumida por Frei Benjamin, a pedido de Dom Itamar Viana, (na \u00e9poca, Bispo de Barra) era vencer a hansen\u00edase que assolava a regi\u00e3o. No combate \u00e0 lepra, que colocou m\u00e9dicos ligados ao S\u00e3o Rafael e frei cara a cara com as popula\u00e7\u00f5es mais carentes da Bahia, novas frentes de batalha tiveram de ser abertas. Na busca da sa\u00fade e do homem integral, capaz de elevar o homem \u00e0 imagem de Deus, as equipes coordenadas pelo Monte Tabor\/S\u00e3o Rafael foram ampliadas, ganharam refor\u00e7o de gente, medicamentos e tecnologia, aumentaram o n\u00famero de visitas \u00e0 Barra e, ap\u00f3s vencer a hansen\u00edase, focaram a luta no enfrentamento \u00e0 escabiose, diarr\u00e9ia, hipertens\u00e3o, desnutri\u00e7\u00e3o, desidrata\u00e7\u00e3o e tantas outras enfermidades provocadas, na maioria das vezes, pela ignor\u00e2ncia, mis\u00e9ria e cren\u00e7as equivocadas. Uma guerra que ainda est\u00e1 longe do final, mas que, em 14 anos de batalha, conseguiu acumular muito mais vit\u00f3rias \u2013 como ao salvar as vidas de Jos\u00e9 e Dami\u00e3o \u2013 do que derrotas. A Miss\u00e3o Barra, ao longo dos anos, consolidou o seu trabalho e, hoje, faz um atendimento itinerante. Atualmente, abrange oito comunidades, quatro a cada visita. Numa rota presta atendimento \u00e0s \u00e1reas de Wanderlei, Curralinho, S\u00e3o Gon\u00e7alo e Limoeiro, e, na outra \u00e0s \u00e1reas de Santo Antonio, Olho d\u2019 \u00c1gua, Umburana e Sucuruiu. Dessa forma, as comunidades dos dois grupos recebem os volunt\u00e1rios da Miss\u00e3o a cada quatro meses. Mais de 64 mil atendimentos j\u00e1 foram realizados em 19 anos de Miss\u00e3o Barra, um trabalho realizado por especialistas das \u00e1reas de Cl\u00ednica M\u00e9dica, Pediatria, Oftalmologia e Ginecologia, al\u00e9m de t\u00e9cnicos e enfermeiros, que transformou a vida da popula\u00e7\u00e3o carente daquela regi\u00e3o. Em 2007, o Monte Tabor\/Hospital S\u00e3o Rafael deu mais um importante passo para levar assist\u00eancia m\u00e9dica de qualidade aos moradores do munic\u00edpio e arredores. Ao reformar e equipar o Hospital Municipal Ana Mariani, localizado na cidade, transformou visitas quase que bimestrais em atendimento permanente e de qualidade. Os anos de sucesso, cura e atendimento humanizado da miss\u00e3o Barra est\u00e3o mexendo com a expectativa da popula\u00e7\u00e3o em rela\u00e7\u00e3o ao novo hospital. \u201c<\/p>\n","protected":false},"author":1,"featured_media":0,"parent":0,"menu_order":0,"comment_status":"closed","ping_status":"closed","template":"","meta":{"footnotes":""},"class_list":["post-177","page","type-page","status-publish","hentry"],"jetpack_sharing_enabled":true,"_links":{"self":[{"href":"https:\/\/montetabor.org.br\/index.php\/wp-json\/wp\/v2\/pages\/177","targetHints":{"allow":["GET"]}}],"collection":[{"href":"https:\/\/montetabor.org.br\/index.php\/wp-json\/wp\/v2\/pages"}],"about":[{"href":"https:\/\/montetabor.org.br\/index.php\/wp-json\/wp\/v2\/types\/page"}],"author":[{"embeddable":true,"href":"https:\/\/montetabor.org.br\/index.php\/wp-json\/wp\/v2\/users\/1"}],"replies":[{"embeddable":true,"href":"https:\/\/montetabor.org.br\/index.php\/wp-json\/wp\/v2\/comments?post=177"}],"version-history":[{"count":2,"href":"https:\/\/montetabor.org.br\/index.php\/wp-json\/wp\/v2\/pages\/177\/revisions"}],"predecessor-version":[{"id":1456,"href":"https:\/\/montetabor.org.br\/index.php\/wp-json\/wp\/v2\/pages\/177\/revisions\/1456"}],"wp:attachment":[{"href":"https:\/\/montetabor.org.br\/index.php\/wp-json\/wp\/v2\/media?parent=177"}],"curies":[{"name":"wp","href":"https:\/\/api.w.org\/{rel}","templated":true}]}}