{"id":1684,"date":"2024-10-30T20:29:48","date_gmt":"2024-10-30T20:29:48","guid":{"rendered":"https:\/\/montetabor.org.br\/?page_id=1684"},"modified":"2024-10-30T20:34:34","modified_gmt":"2024-10-30T20:34:34","slug":"areas-de-atuacao-2","status":"publish","type":"page","link":"https:\/\/montetabor.org.br\/index.php\/areas-de-atuacao-2\/","title":{"rendered":"\u00c1reas de Atua\u00e7\u00e3o"},"content":{"rendered":"<ul>\n<li><a href=\"https:\/\/montetabor.org.br\/index.php\/saude\/\" target=\"_blank\" rel=\"nofollow noopener\">Sa\u00fade<\/a><\/li>\n<li><a href=\"https:\/\/montetabor.org.br\/index.php\/educacao\/\" target=\"_blank\" rel=\"nofollow noopener\">Educa\u00e7\u00e3o<\/a><\/li>\n<li><a href=\"https:\/\/montetabor.org.br\/index.php\/assistencia-social\/\" target=\"_blank\" rel=\"nofollow noopener\">Assist\u00eancia Social<\/a><\/li>\n<\/ul>\n","protected":false},"excerpt":{"rendered":"<p>Sa\u00fade Educa\u00e7\u00e3o Assist\u00eancia Social<\/p>\n","protected":false},"author":2,"featured_media":0,"parent":0,"menu_order":0,"comment_status":"closed","ping_status":"closed","template":"","meta":{"footnotes":""},"class_list":["post-1684","page","type-page","status-publish","hentry"],"jetpack_sharing_enabled":true,"_links":{"self":[{"href":"https:\/\/montetabor.org.br\/index.php\/wp-json\/wp\/v2\/pages\/1684","targetHints":{"allow":["GET"]}}],"collection":[{"href":"https:\/\/montetabor.org.br\/index.php\/wp-json\/wp\/v2\/pages"}],"about":[{"href":"https:\/\/montetabor.org.br\/index.php\/wp-json\/wp\/v2\/types\/page"}],"author":[{"embeddable":true,"href":"https:\/\/montetabor.org.br\/index.php\/wp-json\/wp\/v2\/users\/2"}],"replies":[{"embeddable":true,"href":"https:\/\/montetabor.org.br\/index.php\/wp-json\/wp\/v2\/comments?post=1684"}],"version-history":[{"count":5,"href":"https:\/\/montetabor.org.br\/index.php\/wp-json\/wp\/v2\/pages\/1684\/revisions"}],"predecessor-version":[{"id":1689,"href":"https:\/\/montetabor.org.br\/index.php\/wp-json\/wp\/v2\/pages\/1684\/revisions\/1689"}],"wp:attachment":[{"href":"https:\/\/montetabor.org.br\/index.php\/wp-json\/wp\/v2\/media?parent=1684"}],"curies":[{"name":"wp","href":"https:\/\/api.w.org\/{rel}","templated":true}]}}