{"id":1317,"date":"2019-12-21T16:34:59","date_gmt":"2019-12-21T16:34:59","guid":{"rendered":"http:\/\/www.montetabor.org.br\/?page_id=179"},"modified":"2024-03-19T21:16:01","modified_gmt":"2024-03-19T21:16:01","slug":"pelo-mundo","status":"publish","type":"page","link":"https:\/\/montetabor.org.br\/index.php\/pelo-mundo\/","title":{"rendered":"Pelo Mundo"},"content":{"rendered":"\n<figure id=\"attachment_347\" class=\"wp-caption alignleft\" aria-describedby=\"caption-attachment-347\"><figcaption id=\"caption-attachment-347\" class=\"wp-caption-text\">\n<p><\/p><\/figcaption><\/figure>\n\n\n<div class=\"wp-block-image wp-image-314 size-full\">\n<figure class=\"aligncenter\"><img decoding=\"async\" src=\"http:\/\/www.montetabor.org.br\/wp-content\/uploads\/2019\/12\/navio_colombia.jpg\" alt=\"\" class=\"wp-image-314\"\/><figcaption class=\"wp-element-caption\">Navio-Hospital, na Col\u00f4mbia \u2013 Foto: Arquivo Monte Tabor.<\/figcaption><\/figure>\n<\/div>\n\n\n<p>Al\u00e9m do Brasil, onde o Monte Tabor tem uma atua\u00e7\u00e3o importante, sobretudo, na Bahia, a institui\u00e7\u00e3o fundada por D. Luigi Verz\u00e9 tem presen\u00e7a operosa em diversas partes do mundo, sempre com a\u00e7\u00f5es voltadas ao ser humano, valorizando os aspectos bio-psico-espirituais.&nbsp; Com isso, a Obra deixou,&nbsp; por meio da AISPO \u2013 Associa\u00e7\u00e3o Italiana de Solidariedade entre os Povos, &nbsp;marcas significativas na It\u00e1lia, no Chile, no Tibet, na \u00c1frica, na Col\u00f4mbia, na \u00cdndia, na Palestina e em diversas outras partes do mundo.<\/p>\n\n\n\n<figure id=\"attachment_345\" class=\"wp-caption alignleft\" aria-describedby=\"caption-attachment-345\">\n<p><\/p><\/figure>\n\n\n<div class=\"wp-block-image wp-image-315 size-full\">\n<figure class=\"aligncenter\"><img decoding=\"async\" src=\"http:\/\/www.montetabor.org.br\/wp-content\/uploads\/2019\/12\/pelo_mundo_3.jpg\" alt=\"\" class=\"wp-image-315\"\/><figcaption class=\"wp-element-caption\">Uganda \u2013 Foto: Arquivo Monte Tabor.<\/figcaption><\/figure>\n<\/div>\n\n\n<figcaption id=\"caption-attachment-345\" class=\"wp-caption-text\"><\/figcaption>\n\n\n\n<p>A AISPO desenvolve projetos b\u00e1sicos para implementa\u00e7\u00e3o de programas nacionais de sa\u00fade. Al\u00e9m disso contribui com a gest\u00e3o de hospitais gerais, a exemplo do Hospital Beni Messur na Arg\u00e9lia; o Hospital Lacor em Gulu e Nsambya, Uganda; o Ramallah, Hospital Beit Jalla Jenin, nos Territ\u00f3rios Palestinos; e os hospitais gerais e pedi\u00e1tricos em Herat, no Afeganist\u00e3o, e o Hospital Delek, em Dharamsala, na \u00cdndia.<\/p>\n\n\n\n<figure id=\"attachment_346\" class=\"wp-caption alignleft\" aria-describedby=\"caption-attachment-346\">\n<p><\/p><\/figure>\n\n\n<div class=\"wp-block-image wp-image-316 size-full\">\n<figure class=\"aligncenter\"><img decoding=\"async\" src=\"http:\/\/www.montetabor.org.br\/wp-content\/uploads\/2019\/12\/pelo_mundo_4.jpg\" alt=\"\" class=\"wp-image-316\"\/><figcaption class=\"wp-element-caption\">Nova Deli, capital da \u00cdndia \u2013 Foto: Arquivo Monte Tabor.<\/figcaption><\/figure>\n<\/div>\n\n\n<figcaption id=\"caption-attachment-346\" class=\"wp-caption-text\"><\/figcaption>\n\n\n\n<p>Al\u00e9m disso, a AISPO atua em pa\u00edses afetados por guerras internacionais ou conflitos internos, como Afeganist\u00e3o, Territ\u00f3rios Palestinos, Iraque e Sri Lanka apoiando unidades de emerg\u00eancias hospitalares que recebem pacientes v\u00edtimas de guerras civis, como o Hospital Gulu Lacor, em Uganda, onde todas as noites milhares de crian\u00e7as procuram o hospital em busca de abrigo. Existe uma situa\u00e7\u00e3o semelhante no Sud\u00e3o do Sul, onde a AISPO opera h\u00e1 muitos anos, tanto em hospitais mission\u00e1rios quanto em hospitais governamentais.<\/p>\n\n\n\n<figure id=\"attachment_344\" class=\"wp-caption alignleft\" aria-describedby=\"caption-attachment-344\">\n<p><\/p><\/figure>\n\n\n<div class=\"wp-block-image wp-image-317 size-full\">\n<figure class=\"aligncenter\"><img decoding=\"async\" src=\"http:\/\/www.montetabor.org.br\/wp-content\/uploads\/2019\/12\/pelo_mundo_2.jpg\" alt=\"\" class=\"wp-image-317\"\/><figcaption class=\"wp-element-caption\">Bagd\u00e1 \u2013 Foto: Arquivo Monte Tabor.<\/figcaption><\/figure>\n<\/div>\n\n\n<figcaption id=\"caption-attachment-344\" class=\"wp-caption-text\"><\/figcaption>\n\n\n\n<p>Os conflitos na S\u00edria e no Iraque, e a escalada da viol\u00eancia do ISIS \u2013 Estado Isl\u00e2mico, chamaram a aten\u00e7\u00e3o do Minist\u00e9rio das Rela\u00e7\u00f5es Exteriores da It\u00e1lia para a regi\u00e3o do Curdist\u00e3o, onde a AISPO desenvolve a\u00e7\u00f5es de melhoraria dos servi\u00e7os de sa\u00fade, especialmente os de emerg\u00eancia, devido ao aumento da demanda enfrentado pelas unidades de emerg\u00eancia, por causa da imigra\u00e7\u00e3o de milh\u00f5es de refugiados que buscam abrigo nessa regi\u00e3o, considerada um lugar mais seguro para se viver.<\/p>\n\n\n\n<figure id=\"attachment_343\" class=\"wp-caption alignleft\" aria-describedby=\"caption-attachment-343\">\n<p><\/p><\/figure>\n\n\n<div class=\"wp-block-image wp-image-318 size-full\">\n<figure class=\"aligncenter size-large\"><img fetchpriority=\"high\" decoding=\"async\" width=\"1024\" height=\"768\" src=\"http:\/\/54.90.57.89\/wp-content\/uploads\/2024\/03\/pelo_mundo_1-1024x768.jpg\" alt=\"\" class=\"wp-image-1458\" srcset=\"https:\/\/montetabor.org.br\/wp-content\/uploads\/2024\/03\/pelo_mundo_1-1024x768.jpg 1024w, https:\/\/montetabor.org.br\/wp-content\/uploads\/2024\/03\/pelo_mundo_1-300x225.jpg 300w, https:\/\/montetabor.org.br\/wp-content\/uploads\/2024\/03\/pelo_mundo_1-768x576.jpg 768w, https:\/\/montetabor.org.br\/wp-content\/uploads\/2024\/03\/pelo_mundo_1-1536x1152.jpg 1536w, https:\/\/montetabor.org.br\/wp-content\/uploads\/2024\/03\/pelo_mundo_1.jpg 1600w\" sizes=\"(max-width: 1024px) 100vw, 1024px\" \/><figcaption class=\"wp-element-caption\">Afeganist\u00e3o \u2013 Foto: Arquivo Monte Tabor.<\/figcaption><\/figure>\n<\/div>\n\n\n<figcaption id=\"caption-attachment-343\" class=\"wp-caption-text\"><\/figcaption>\n\n\n\n<p>A AISPO atua tamb\u00e9m em pa\u00edses onde ocorrem desastres naturais, como o Sri Lanka, devastado por um tsunami, em dezembro de 2004; Afeganist\u00e3o, ap\u00f3s o terremoto, em 2002; e Mo\u00e7ambique para assistir \u00e0s pessoas afetadas por uma enchente desastrosa, em 2007. Al\u00e9m disso, a institui\u00e7\u00e3o tem experi\u00eancia em ajuda humanit\u00e1ria no combater a epidemias, como a do v\u00edrus Ebola, que assolou Uganda, em 2001.<\/p>\n","protected":false},"excerpt":{"rendered":"<p>Al\u00e9m do Brasil, onde o Monte Tabor tem uma atua\u00e7\u00e3o importante, sobretudo, na Bahia, a institui\u00e7\u00e3o fundada por D. Luigi Verz\u00e9 tem presen\u00e7a operosa em diversas partes do mundo, sempre com a\u00e7\u00f5es voltadas ao ser humano, valorizando os aspectos bio-psico-espirituais.&nbsp; Com isso, a Obra deixou,&nbsp; por meio da AISPO \u2013 Associa\u00e7\u00e3o Italiana de Solidariedade entre os Povos, &nbsp;marcas significativas na It\u00e1lia, no Chile, no Tibet, na \u00c1frica, na Col\u00f4mbia, na \u00cdndia, na Palestina e em diversas outras partes do mundo. A AISPO desenvolve projetos b\u00e1sicos para implementa\u00e7\u00e3o de programas nacionais de sa\u00fade. Al\u00e9m disso contribui com a gest\u00e3o de hospitais gerais, a exemplo do Hospital Beni Messur na Arg\u00e9lia; o Hospital Lacor em Gulu e Nsambya, Uganda; o Ramallah, Hospital Beit Jalla Jenin, nos Territ\u00f3rios Palestinos; e os hospitais gerais e pedi\u00e1tricos em Herat, no Afeganist\u00e3o, e o Hospital Delek, em Dharamsala, na \u00cdndia. Al\u00e9m disso, a AISPO atua em pa\u00edses afetados por guerras internacionais ou conflitos internos, como Afeganist\u00e3o, Territ\u00f3rios Palestinos, Iraque e Sri Lanka apoiando unidades de emerg\u00eancias hospitalares que recebem pacientes v\u00edtimas de guerras civis, como o Hospital Gulu Lacor, em Uganda, onde todas as noites milhares de crian\u00e7as procuram o hospital em busca de abrigo. Existe uma situa\u00e7\u00e3o semelhante no Sud\u00e3o do Sul, onde a AISPO opera h\u00e1 muitos anos, tanto em hospitais mission\u00e1rios quanto em hospitais governamentais. Os conflitos na S\u00edria e no Iraque, e a escalada da viol\u00eancia do ISIS \u2013 Estado Isl\u00e2mico, chamaram a aten\u00e7\u00e3o do Minist\u00e9rio das Rela\u00e7\u00f5es Exteriores da It\u00e1lia para a regi\u00e3o do Curdist\u00e3o, onde a AISPO desenvolve a\u00e7\u00f5es de melhoraria dos servi\u00e7os de sa\u00fade, especialmente os de emerg\u00eancia, devido ao aumento da demanda enfrentado pelas unidades de emerg\u00eancia, por causa da imigra\u00e7\u00e3o de milh\u00f5es de refugiados que buscam abrigo nessa regi\u00e3o, considerada um lugar mais seguro para se viver. A AISPO atua tamb\u00e9m em pa\u00edses onde ocorrem desastres naturais, como o Sri Lanka, devastado por um tsunami, em dezembro de 2004; Afeganist\u00e3o, ap\u00f3s o terremoto, em 2002; e Mo\u00e7ambique para assistir \u00e0s pessoas afetadas por uma enchente desastrosa, em 2007. Al\u00e9m disso, a institui\u00e7\u00e3o tem experi\u00eancia em ajuda humanit\u00e1ria no combater a epidemias, como a do v\u00edrus Ebola, que assolou Uganda, em 2001.<\/p>\n","protected":false},"author":1,"featured_media":0,"parent":0,"menu_order":0,"comment_status":"closed","ping_status":"closed","template":"","meta":{"footnotes":""},"class_list":["post-1317","page","type-page","status-publish","hentry"],"jetpack_sharing_enabled":true,"_links":{"self":[{"href":"https:\/\/montetabor.org.br\/index.php\/wp-json\/wp\/v2\/pages\/1317","targetHints":{"allow":["GET"]}}],"collection":[{"href":"https:\/\/montetabor.org.br\/index.php\/wp-json\/wp\/v2\/pages"}],"about":[{"href":"https:\/\/montetabor.org.br\/index.php\/wp-json\/wp\/v2\/types\/page"}],"author":[{"embeddable":true,"href":"https:\/\/montetabor.org.br\/index.php\/wp-json\/wp\/v2\/users\/1"}],"replies":[{"embeddable":true,"href":"https:\/\/montetabor.org.br\/index.php\/wp-json\/wp\/v2\/comments?post=1317"}],"version-history":[{"count":2,"href":"https:\/\/montetabor.org.br\/index.php\/wp-json\/wp\/v2\/pages\/1317\/revisions"}],"predecessor-version":[{"id":1459,"href":"https:\/\/montetabor.org.br\/index.php\/wp-json\/wp\/v2\/pages\/1317\/revisions\/1459"}],"wp:attachment":[{"href":"https:\/\/montetabor.org.br\/index.php\/wp-json\/wp\/v2\/media?parent=1317"}],"curies":[{"name":"wp","href":"https:\/\/api.w.org\/{rel}","templated":true}]}}