{"id":1316,"date":"2019-12-21T16:34:03","date_gmt":"2019-12-21T16:34:03","guid":{"rendered":"http:\/\/www.montetabor.org.br\/?page_id=175"},"modified":"2025-09-02T19:35:34","modified_gmt":"2025-09-02T19:35:34","slug":"missao","status":"publish","type":"page","link":"https:\/\/montetabor.org.br\/index.php\/missao\/","title":{"rendered":"Miss\u00e3o"},"content":{"rendered":"\t\t<div data-elementor-type=\"wp-page\" data-elementor-id=\"1316\" class=\"elementor elementor-1316\">\n\t\t\t\t<div class=\"elementor-element elementor-element-47a2bfe e-con-full e-flex wpr-particle-no wpr-jarallax-no wpr-parallax-no wpr-sticky-section-no wpr-equal-height-no e-con e-parent\" data-id=\"47a2bfe\" data-element_type=\"container\" data-e-type=\"container\">\n\t\t\t\t<div class=\"elementor-element elementor-element-9d34eb8 elementor-widget elementor-widget-text-editor\" data-id=\"9d34eb8\" data-element_type=\"widget\" data-e-type=\"widget\" data-widget_type=\"text-editor.default\">\n\t\t\t\t<div class=\"elementor-widget-container\">\n\t\t\t\t\t\t\t\t\t<p><\/p>\n<div class=\"layout-1-col layout-no-sidebar container layout-bc-before\">\n<div class=\"content-column\">\n<div class=\"single-container\">\n<article class=\"post-20 type-page has-post-thumbnail single-page-content single-page-simple-content\">\n<div class=\"entry-content clearfix\">\n<figure><img fetchpriority=\"high\" decoding=\"async\" class=\"aligncenter wp-image-1451 size-large\" src=\"https:\/\/montetabor.org.br\/wp-content\/uploads\/2024\/03\/Exposicao-d-Luigi-Maria-Verze-27-03-2008-017-mais-claro-1024x684.jpg\" alt=\"\" width=\"800\" height=\"534\" srcset=\"https:\/\/montetabor.org.br\/wp-content\/uploads\/2024\/03\/Exposicao-d-Luigi-Maria-Verze-27-03-2008-017-mais-claro-1024x684.jpg 1024w, https:\/\/montetabor.org.br\/wp-content\/uploads\/2024\/03\/Exposicao-d-Luigi-Maria-Verze-27-03-2008-017-mais-claro-300x200.jpg 300w, https:\/\/montetabor.org.br\/wp-content\/uploads\/2024\/03\/Exposicao-d-Luigi-Maria-Verze-27-03-2008-017-mais-claro-768x513.jpg 768w, https:\/\/montetabor.org.br\/wp-content\/uploads\/2024\/03\/Exposicao-d-Luigi-Maria-Verze-27-03-2008-017-mais-claro.jpg 1278w\" sizes=\"(max-width: 800px) 100vw, 800px\" \/><\/figure>\n<p>O Monte Tabor tem como miss\u00e3o atuar nas \u00e1reas da sa\u00fade, educa\u00e7\u00e3o e assist\u00eancia social. Com isso mant\u00e9m, em Salvador,\u00a0 o Centro de Tratamento de Doen\u00e7as Vasculares (CTDV), no bairro de Pau da Lima, o Centro de Educa\u00e7\u00e3o Profissional Irm\u00e3 Ludovica Sturaro (antiga Escola T\u00e9cnica de Enfermagem S\u00e3o Rafael\/Senac), e a Creche Amor ao Pr\u00f3ximo, localizada na comunidade de Nova Esperan\u00e7a, na Estrada CIA-Aeroporto, pr\u00f3ximo ao munic\u00edpio de Sim\u00f5es Filho. No Sert\u00e3o da Bahia, mais precisamente, na cidade da Barra, a 650 quil\u00f4metros da capital, atuamos no desenvolvimento de um importante programa social respons\u00e1vel pelo desenvolvimento da cidade: a Miss\u00e3o Barra.<\/p>\n<\/div>\n<\/article>\n<\/div>\n<\/div>\n<\/div>\n<p><\/p>\t\t\t\t\t\t\t\t<\/div>\n\t\t\t\t<\/div>\n\t\t\t\t<\/div>\n\t\t\t\t<\/div>\n\t\t","protected":false},"excerpt":{"rendered":"<p>O Monte Tabor tem como miss\u00e3o atuar nas \u00e1reas da sa\u00fade, educa\u00e7\u00e3o e assist\u00eancia social. Com isso mant\u00e9m, em Salvador,\u00a0 o Centro de Tratamento de Doen\u00e7as Vasculares (CTDV), no bairro de Pau da Lima, o Centro de Educa\u00e7\u00e3o Profissional Irm\u00e3 Ludovica Sturaro (antiga Escola T\u00e9cnica de Enfermagem S\u00e3o Rafael\/Senac), e a Creche Amor ao Pr\u00f3ximo, localizada na comunidade de Nova Esperan\u00e7a, na Estrada CIA-Aeroporto, pr\u00f3ximo ao munic\u00edpio de Sim\u00f5es Filho. No Sert\u00e3o da Bahia, mais precisamente, na cidade da Barra, a 650 quil\u00f4metros da capital, atuamos no desenvolvimento de um importante programa social respons\u00e1vel pelo desenvolvimento da cidade: a Miss\u00e3o Barra.<\/p>\n","protected":false},"author":1,"featured_media":0,"parent":0,"menu_order":0,"comment_status":"closed","ping_status":"closed","template":"","meta":{"footnotes":""},"class_list":["post-1316","page","type-page","status-publish","hentry"],"jetpack_sharing_enabled":true,"_links":{"self":[{"href":"https:\/\/montetabor.org.br\/index.php\/wp-json\/wp\/v2\/pages\/1316","targetHints":{"allow":["GET"]}}],"collection":[{"href":"https:\/\/montetabor.org.br\/index.php\/wp-json\/wp\/v2\/pages"}],"about":[{"href":"https:\/\/montetabor.org.br\/index.php\/wp-json\/wp\/v2\/types\/page"}],"author":[{"embeddable":true,"href":"https:\/\/montetabor.org.br\/index.php\/wp-json\/wp\/v2\/users\/1"}],"replies":[{"embeddable":true,"href":"https:\/\/montetabor.org.br\/index.php\/wp-json\/wp\/v2\/comments?post=1316"}],"version-history":[{"count":10,"href":"https:\/\/montetabor.org.br\/index.php\/wp-json\/wp\/v2\/pages\/1316\/revisions"}],"predecessor-version":[{"id":1887,"href":"https:\/\/montetabor.org.br\/index.php\/wp-json\/wp\/v2\/pages\/1316\/revisions\/1887"}],"wp:attachment":[{"href":"https:\/\/montetabor.org.br\/index.php\/wp-json\/wp\/v2\/media?parent=1316"}],"curies":[{"name":"wp","href":"https:\/\/api.w.org\/{rel}","templated":true}]}}