{"id":1315,"date":"2019-12-21T16:33:37","date_gmt":"2019-12-21T16:33:37","guid":{"rendered":"http:\/\/www.montetabor.org.br\/?page_id=173"},"modified":"2024-03-19T21:08:31","modified_gmt":"2024-03-19T21:08:31","slug":"medicina-sacerdocio","status":"publish","type":"page","link":"https:\/\/montetabor.org.br\/index.php\/medicina-sacerdocio\/","title":{"rendered":"Medicina Sacerd\u00f3cio"},"content":{"rendered":"<div class=\"wp-block-image\">\n<figure class=\"aligncenter size-large\"><img fetchpriority=\"high\" decoding=\"async\" width=\"1024\" height=\"683\" src=\"http:\/\/54.90.57.89\/wp-content\/uploads\/2024\/03\/MG_9846-scaled-1-1024x683.jpg\" alt=\"\" class=\"wp-image-1448\" srcset=\"https:\/\/montetabor.org.br\/wp-content\/uploads\/2024\/03\/MG_9846-scaled-1-1024x683.jpg 1024w, https:\/\/montetabor.org.br\/wp-content\/uploads\/2024\/03\/MG_9846-scaled-1-300x200.jpg 300w, https:\/\/montetabor.org.br\/wp-content\/uploads\/2024\/03\/MG_9846-scaled-1-768x512.jpg 768w, https:\/\/montetabor.org.br\/wp-content\/uploads\/2024\/03\/MG_9846-scaled-1-1536x1024.jpg 1536w, https:\/\/montetabor.org.br\/wp-content\/uploads\/2024\/03\/MG_9846-scaled-1-2048x1366.jpg 2048w\" sizes=\"(max-width: 1024px) 100vw, 1024px\" \/><\/figure>\n<\/div>\n\n\n<p>Um movimento criado pelo sacerdote e professor D. Luigi Maria Verz\u00e9, fundador da Obra Monte Tabor Centro \u00cdtalo-Brasileiro de Promo\u00e7\u00e3o Sanit\u00e1ria \/ Hospital S\u00e3o Rafael, com a inten\u00e7\u00e3o de congregar pessoas dos mais diversos campos de a\u00e7\u00e3o da sociedade que desejem refletir e atuar no resgate da sa\u00fade integral do ser humano, na sua tr\u00edplice dimens\u00e3o: biopsicoespiritual.<\/p>\n\n\n\n<p>O Movimento Medicina Sacerd\u00f3cio funciona, portanto, como um convite a produzir uma assist\u00eancia \u00e0 sa\u00fade capaz de transfigurar a situa\u00e7\u00e3o em que vivemos, atrav\u00e9s de a\u00e7\u00f5es concretas dentro e fora do hospital, procurando colocar em pr\u00e1tica o grande mandato evang\u00e9lico de Jesus que diz: \u201cIde, Ensinai e Curai\u201d<\/p>\n\n\n\n<p>Para entender a proposta do Movimento Medicina Sacerd\u00f3cio \u00e9 necess\u00e1rio viv\u00ea-la ou se disponibilizar a passear por um novo paradigma da sa\u00fade, que exige da equipe m\u00e9dica, pacientes e familiares uma tomada de consci\u00eancia pessoal. Um novo pensar que, por vezes, nos leva tamb\u00e9m \u00e0 mudan\u00e7a de alguns valores.<\/p>\n\n\n\n<p>Neste caminho \u00e9 essencial entender a Medicina n\u00e3o apenas como uma ci\u00eancia moderna, mas tamb\u00e9m sacra. Afinal, a busca do homem integral atrav\u00e9s da cura e sa\u00fade \u00e9 tamb\u00e9m a tentativa de reconduzi-lo ao seu status de imagem e semelhan\u00e7a de Deus.<\/p>\n\n\n\n<p>Nesta nova concep\u00e7\u00e3o de sa\u00fade, n\u00e3o basta aos hospitais ligados ao Monte Tabor CIBPS possu\u00edrem a tecnologia mais avan\u00e7ada, como acontece. \u00c9 necess\u00e1rio, tamb\u00e9m, que o conv\u00edvio equipe m\u00e9dica \u2013 paciente \u2013 familiar seja especial, humanizado. Al\u00e9m de equipamentos de \u00faltima gera\u00e7\u00e3o e profissionais capacitados, a nova Medicina pede um novo comportamento, como traduzir na forma de um olhar, um gesto atencioso, &nbsp;o atendimento personalizado.<\/p>\n\n\n\n<p>Aspectos como estes fazem parte do processo de cura nos corredores do Hospital S\u00e3o Rafael. Cada detalhe permite visualizar o ser humano na sua totalidade, muito al\u00e9m das c\u00e9lulas, dos \u00f3rg\u00e3os e das doen\u00e7as.<\/p>\n\n\n\n<p>O trabalho realizado consiste, ainda, em entender e viver o homem nos aspectos biopsicoespiritual, na tentativa de buscar a cura integral do ser humano.<\/p>\n\n\n\n<p>O Movimento Medicina Sacerd\u00f3cio busca sensibilizar outras pessoas com a sua pr\u00e1tica, para que o movimento atinja o maior n\u00famero poss\u00edvel de participantes, modificando, desta forma, a pr\u00e1tica assistencial. Ser um MOVIMENTO FERMENTO. O grupo se re\u00fane, periodicamente, para refletir sobre essa viv\u00eancia atrav\u00e9s de textos de D. Luigi, bem como, de temas relacionados \u00e0 bio\u00e9tica, entre outros, relacionando-os com nossa pr\u00e1tica di\u00e1ria<\/p>\n\n\n\n<p>Qualquer pessoa pode participar do Movimento Medicina Sacerd\u00f3cio, independente de ser m\u00e9dico, enfermeiro ou qualquer outro profissional de sa\u00fade; independente da religi\u00e3o; e independente se trabalha ou n\u00e3o na Obra Monte Tabor. Para participar n\u00e3o \u00e9 necess\u00e1rio fazer nenhum voto ou promessa solene, a n\u00e3o ser, para consigo mesmo e com a causa do Movimento Medicina Sacerd\u00f3cio. \u00c9 preciso, apenas, assumir o compromisso de viver essa filosofia em nosso cotidiano de trabalho, seja ele qual for, transformando esse compromisso em atos concretos, em uma busca constante de supera\u00e7\u00e3o de si mesmo, a cada dia, sendo conscientes de que para curar, devemos tamb\u00e9m ser curados do nosso des\u00e2nimo, da nossa falta de confian\u00e7a e da nossa ignor\u00e2ncia.<\/p>\n","protected":false},"excerpt":{"rendered":"<p>Um movimento criado pelo sacerdote e professor D. Luigi Maria Verz\u00e9, fundador da Obra Monte Tabor Centro \u00cdtalo-Brasileiro de Promo\u00e7\u00e3o Sanit\u00e1ria \/ Hospital S\u00e3o Rafael, com a inten\u00e7\u00e3o de congregar pessoas dos mais diversos campos de a\u00e7\u00e3o da sociedade que desejem refletir e atuar no resgate da sa\u00fade integral do ser humano, na sua tr\u00edplice dimens\u00e3o: biopsicoespiritual. O Movimento Medicina Sacerd\u00f3cio funciona, portanto, como um convite a produzir uma assist\u00eancia \u00e0 sa\u00fade capaz de transfigurar a situa\u00e7\u00e3o em que vivemos, atrav\u00e9s de a\u00e7\u00f5es concretas dentro e fora do hospital, procurando colocar em pr\u00e1tica o grande mandato evang\u00e9lico de Jesus que diz: \u201cIde, Ensinai e Curai\u201d Para entender a proposta do Movimento Medicina Sacerd\u00f3cio \u00e9 necess\u00e1rio viv\u00ea-la ou se disponibilizar a passear por um novo paradigma da sa\u00fade, que exige da equipe m\u00e9dica, pacientes e familiares uma tomada de consci\u00eancia pessoal. Um novo pensar que, por vezes, nos leva tamb\u00e9m \u00e0 mudan\u00e7a de alguns valores. Neste caminho \u00e9 essencial entender a Medicina n\u00e3o apenas como uma ci\u00eancia moderna, mas tamb\u00e9m sacra. Afinal, a busca do homem integral atrav\u00e9s da cura e sa\u00fade \u00e9 tamb\u00e9m a tentativa de reconduzi-lo ao seu status de imagem e semelhan\u00e7a de Deus. Nesta nova concep\u00e7\u00e3o de sa\u00fade, n\u00e3o basta aos hospitais ligados ao Monte Tabor CIBPS possu\u00edrem a tecnologia mais avan\u00e7ada, como acontece. \u00c9 necess\u00e1rio, tamb\u00e9m, que o conv\u00edvio equipe m\u00e9dica \u2013 paciente \u2013 familiar seja especial, humanizado. Al\u00e9m de equipamentos de \u00faltima gera\u00e7\u00e3o e profissionais capacitados, a nova Medicina pede um novo comportamento, como traduzir na forma de um olhar, um gesto atencioso, &nbsp;o atendimento personalizado. Aspectos como estes fazem parte do processo de cura nos corredores do Hospital S\u00e3o Rafael. Cada detalhe permite visualizar o ser humano na sua totalidade, muito al\u00e9m das c\u00e9lulas, dos \u00f3rg\u00e3os e das doen\u00e7as. O trabalho realizado consiste, ainda, em entender e viver o homem nos aspectos biopsicoespiritual, na tentativa de buscar a cura integral do ser humano. O Movimento Medicina Sacerd\u00f3cio busca sensibilizar outras pessoas com a sua pr\u00e1tica, para que o movimento atinja o maior n\u00famero poss\u00edvel de participantes, modificando, desta forma, a pr\u00e1tica assistencial. Ser um MOVIMENTO FERMENTO. O grupo se re\u00fane, periodicamente, para refletir sobre essa viv\u00eancia atrav\u00e9s de textos de D. Luigi, bem como, de temas relacionados \u00e0 bio\u00e9tica, entre outros, relacionando-os com nossa pr\u00e1tica di\u00e1ria Qualquer pessoa pode participar do Movimento Medicina Sacerd\u00f3cio, independente de ser m\u00e9dico, enfermeiro ou qualquer outro profissional de sa\u00fade; independente da religi\u00e3o; e independente se trabalha ou n\u00e3o na Obra Monte Tabor. Para participar n\u00e3o \u00e9 necess\u00e1rio fazer nenhum voto ou promessa solene, a n\u00e3o ser, para consigo mesmo e com a causa do Movimento Medicina Sacerd\u00f3cio. \u00c9 preciso, apenas, assumir o compromisso de viver essa filosofia em nosso cotidiano de trabalho, seja ele qual for, transformando esse compromisso em atos concretos, em uma busca constante de supera\u00e7\u00e3o de si mesmo, a cada dia, sendo conscientes de que para curar, devemos tamb\u00e9m ser curados do nosso des\u00e2nimo, da nossa falta de confian\u00e7a e da nossa ignor\u00e2ncia.<\/p>\n","protected":false},"author":1,"featured_media":0,"parent":0,"menu_order":0,"comment_status":"closed","ping_status":"closed","template":"","meta":{"footnotes":""},"class_list":["post-1315","page","type-page","status-publish","hentry"],"jetpack_sharing_enabled":true,"_links":{"self":[{"href":"https:\/\/montetabor.org.br\/index.php\/wp-json\/wp\/v2\/pages\/1315","targetHints":{"allow":["GET"]}}],"collection":[{"href":"https:\/\/montetabor.org.br\/index.php\/wp-json\/wp\/v2\/pages"}],"about":[{"href":"https:\/\/montetabor.org.br\/index.php\/wp-json\/wp\/v2\/types\/page"}],"author":[{"embeddable":true,"href":"https:\/\/montetabor.org.br\/index.php\/wp-json\/wp\/v2\/users\/1"}],"replies":[{"embeddable":true,"href":"https:\/\/montetabor.org.br\/index.php\/wp-json\/wp\/v2\/comments?post=1315"}],"version-history":[{"count":1,"href":"https:\/\/montetabor.org.br\/index.php\/wp-json\/wp\/v2\/pages\/1315\/revisions"}],"predecessor-version":[{"id":1449,"href":"https:\/\/montetabor.org.br\/index.php\/wp-json\/wp\/v2\/pages\/1315\/revisions\/1449"}],"wp:attachment":[{"href":"https:\/\/montetabor.org.br\/index.php\/wp-json\/wp\/v2\/media?parent=1315"}],"curies":[{"name":"wp","href":"https:\/\/api.w.org\/{rel}","templated":true}]}}