{"id":1311,"date":"2019-12-21T16:31:21","date_gmt":"2019-12-21T16:31:21","guid":{"rendered":"http:\/\/www.montetabor.org.br\/?page_id=165"},"modified":"2024-03-19T21:01:45","modified_gmt":"2024-03-19T21:01:45","slug":"d-luigi-verze","status":"publish","type":"page","link":"https:\/\/montetabor.org.br\/index.php\/d-luigi-verze\/","title":{"rendered":"D. Luigi Verz\u00e9"},"content":{"rendered":"\n<p><strong>Da pequena Illasi para o mundo<\/strong><\/p>\n\n\n\n<figure class=\"wp-block-image size-full\"><img fetchpriority=\"high\" decoding=\"async\" width=\"1024\" height=\"768\" src=\"http:\/\/54.90.57.89\/wp-content\/uploads\/2024\/03\/d_luigi_escritorio-1024x768-1.jpg\" alt=\"\" class=\"wp-image-1426\" srcset=\"https:\/\/montetabor.org.br\/wp-content\/uploads\/2024\/03\/d_luigi_escritorio-1024x768-1.jpg 1024w, https:\/\/montetabor.org.br\/wp-content\/uploads\/2024\/03\/d_luigi_escritorio-1024x768-1-300x225.jpg 300w, https:\/\/montetabor.org.br\/wp-content\/uploads\/2024\/03\/d_luigi_escritorio-1024x768-1-768x576.jpg 768w\" sizes=\"(max-width: 1024px) 100vw, 1024px\" \/><\/figure>\n\n\n\n<p>Luigi Maria Verz\u00e9 nasceu no dia 14 de mar\u00e7o de 1920, na pequena Illasi, cidade da regi\u00e3o do Veneto, prov\u00edncia de Verona, norte da It\u00e1lia. Filho de Em\u00edlio Verz\u00e9 e Lucilla Bozzi, saiu de casa aos 12 anos de idade para ingressar no semin\u00e1rio. Ainda jovem manifestou preocupa\u00e7\u00e3o com os problemas sociais, os quais resolveu dedicar a sua pr\u00f3pria exist\u00eancia, fundando diversas obras na It\u00e1lia e no mundo.<\/p>\n\n\n\n<p><strong>Forma\u00e7\u00e3o em Filosofia<\/strong><\/p>\n\n\n\n<figure id=\"attachment_200\" class=\"wp-caption aligncenter\" aria-describedby=\"caption-attachment-200\">\n<p><\/p><\/figure>\n\n\n<div class=\"wp-block-image wp-image-267\">\n<figure class=\"alignleft size-full\"><img decoding=\"async\" width=\"900\" height=\"581\" src=\"http:\/\/54.90.57.89\/wp-content\/uploads\/2024\/03\/OS-novicos-do-seminario-TRATADA_FINAL1.jpg\" alt=\"\" class=\"wp-image-1427\" srcset=\"https:\/\/montetabor.org.br\/wp-content\/uploads\/2024\/03\/OS-novicos-do-seminario-TRATADA_FINAL1.jpg 900w, https:\/\/montetabor.org.br\/wp-content\/uploads\/2024\/03\/OS-novicos-do-seminario-TRATADA_FINAL1-300x194.jpg 300w, https:\/\/montetabor.org.br\/wp-content\/uploads\/2024\/03\/OS-novicos-do-seminario-TRATADA_FINAL1-768x496.jpg 768w\" sizes=\"(max-width: 900px) 100vw, 900px\" \/><figcaption class=\"wp-element-caption\">D. Luigi Verz\u00e9 junto com outros novi\u00e7os do Semin\u00e1rio de D. Calabria. Foto: Arquivo Monte Tabor<\/figcaption><\/figure>\n<\/div>\n\n\n<p>Luigi Verz\u00e9 concluiu o ensino m\u00e9dio em 1939. Posteriormente, ingressou na Universidade Cat\u00f3lica de Mil\u00e3o para estudar Letras e Filosofia, onde formou-se tr\u00eas anos depois com a tese de l\u00e1urea em filosofia: \u201cCristo, o verdadeiro reformador social\u201d. A obra faz refletir sobre o pensamento de D. Luigi \u2013 \u201cO corpo social \u00e9 o corpo de Cristo\u201d, e redescobrir prodigiosa atualidade da prega\u00e7\u00e3o de um dos mais importantes padres da Igreja: San Giovanni Crisostomo. O livro foi reeditado em 2009 pela Editora San Raffaele.<\/p>\n\n\n\n<p><strong>Sacerdote aos 28 anos<\/strong><\/p>\n\n\n<div class=\"wp-block-image wp-image-268\">\n<figure class=\"alignleft size-full\"><img decoding=\"async\" width=\"900\" height=\"584\" src=\"http:\/\/54.90.57.89\/wp-content\/uploads\/2024\/03\/Primeira-missa-TRATADA_FINAL1.jpg\" alt=\"\" class=\"wp-image-1428\" srcset=\"https:\/\/montetabor.org.br\/wp-content\/uploads\/2024\/03\/Primeira-missa-TRATADA_FINAL1.jpg 900w, https:\/\/montetabor.org.br\/wp-content\/uploads\/2024\/03\/Primeira-missa-TRATADA_FINAL1-300x195.jpg 300w, https:\/\/montetabor.org.br\/wp-content\/uploads\/2024\/03\/Primeira-missa-TRATADA_FINAL1-768x498.jpg 768w\" sizes=\"(max-width: 900px) 100vw, 900px\" \/><figcaption class=\"wp-element-caption\">D. Luigi, com seus pais, indo celebrar a sua primeira missa. Foto: Arquivo Monte Tabor<\/figcaption><\/figure>\n<\/div>\n\n\n<p>Luigi ordenou-se sacerdote da Obra Don Calabria, em Verona, e celebrou a sua primeira missa em Illasi (VR), em 23 de mar\u00e7o de 1948.<\/p>\n\n\n\n<p>\u201cO que retribuirei ao Senhor, por tudo aquilo que ele me deu? A exist\u00eancia, a fam\u00edlia, a revela\u00e7\u00e3o, a Igreja, o Sacerd\u00f3cio, a Obra Monte Tabor \u2013 S\u00e3o Rafael com os milhares de rafaelinos, todos os divulgadores da Medicina Sacerd\u00f3cio de Cristo, o Deus que padece. Obrigado! O meu agradecimento ser\u00e1 a minha eternidade, \u00f3 meu Senhor\u201d. (D. Luigi)<\/p>\n\n\n\n<p><strong>Cardeal Ildefonso Schuster<\/strong><\/p>\n\n\n<div class=\"wp-block-image\">\n<figure class=\"alignleft size-full\"><img loading=\"lazy\" decoding=\"async\" width=\"900\" height=\"773\" src=\"http:\/\/54.90.57.89\/wp-content\/uploads\/2024\/03\/Com-Cardeal-Schuster.jpg\" alt=\"\" class=\"wp-image-1430\" srcset=\"https:\/\/montetabor.org.br\/wp-content\/uploads\/2024\/03\/Com-Cardeal-Schuster.jpg 900w, https:\/\/montetabor.org.br\/wp-content\/uploads\/2024\/03\/Com-Cardeal-Schuster-300x258.jpg 300w, https:\/\/montetabor.org.br\/wp-content\/uploads\/2024\/03\/Com-Cardeal-Schuster-768x660.jpg 768w\" sizes=\"(max-width: 900px) 100vw, 900px\" \/><\/figure>\n<\/div>\n\n\n<p>Ildefonso Schuster era o Cardeal de Mil\u00e3o em 1950 e um dos grandes incentivadores da Obra Monte Tabor. Foi ele quem deu a D. Luigi, em 1950, a miss\u00e3o de construir um hospital crist\u00e3o. Em 1958, foi fundado o Centro de Assist\u00eancia Hospitaleira S\u00e3o Romanello. Dois anos depois, mais precisamente no dia 5 de julho de 1960, D. Luigi Verz\u00e9 apresentou ao Cardeal Montini (que mais tarde se tornaria o Papa Pio VI) o projeto do Hospital San Raffaele de Mil\u00e3o, que teve a pedra fundamental lan\u00e7ada em 1969.<\/p>\n\n\n\n<p><strong>Giovanni Cal\u00e1bria<\/strong><\/p>\n\n\n\n<figure id=\"attachment_209\" class=\"wp-caption aligncenter\" aria-describedby=\"caption-attachment-209\"><figcaption id=\"caption-attachment-209\" class=\"wp-caption-text\">\n<p><\/p><\/figcaption><\/figure>\n\n\n<div class=\"wp-block-image wp-image-270\">\n<figure class=\"alignleft size-full\"><img loading=\"lazy\" decoding=\"async\" width=\"900\" height=\"905\" src=\"http:\/\/54.90.57.89\/wp-content\/uploads\/2024\/03\/D.-Luigi-com-D.jpg\" alt=\"\" class=\"wp-image-1431\" srcset=\"https:\/\/montetabor.org.br\/wp-content\/uploads\/2024\/03\/D.-Luigi-com-D.jpg 900w, https:\/\/montetabor.org.br\/wp-content\/uploads\/2024\/03\/D.-Luigi-com-D-298x300.jpg 298w, https:\/\/montetabor.org.br\/wp-content\/uploads\/2024\/03\/D.-Luigi-com-D-150x150.jpg 150w, https:\/\/montetabor.org.br\/wp-content\/uploads\/2024\/03\/D.-Luigi-com-D-768x772.jpg 768w\" sizes=\"(max-width: 900px) 100vw, 900px\" \/><figcaption class=\"wp-element-caption\">D. Luigi com D. Giovanni Cal\u00e1bria- Foto: Arquivo Monte Tabor.<\/figcaption><\/figure>\n<\/div>\n\n\n<p>Beato italiano da prov\u00edncia de Verona, D. Giovanni Cal\u00e1bria foi um dos grandes mestres de D. Luigi e estimulador da Obra San Raffaele. Ele&nbsp; dedicou sua vida exclusivamente a Deus e aos jovens. Ficou conhecido no mundo por causa da f\u00e9 que possu\u00eda na Provid\u00eancia Divina ao cuidar daqueles que mais precisavam.<\/p>\n\n\n\n<figure id=\"attachment_352\" class=\"wp-caption aligncenter\" aria-describedby=\"caption-attachment-352\">\n<p><\/p><\/figure>\n\n\n<div class=\"wp-block-image wp-image-307 size-full\">\n<figure class=\"alignleft size-large\"><img loading=\"lazy\" decoding=\"async\" width=\"1024\" height=\"812\" src=\"http:\/\/54.90.57.89\/wp-content\/uploads\/2024\/03\/Papa-Joao-Paulo-II_tratada-1024x812.jpg\" alt=\"\" class=\"wp-image-1432\" srcset=\"https:\/\/montetabor.org.br\/wp-content\/uploads\/2024\/03\/Papa-Joao-Paulo-II_tratada-1024x812.jpg 1024w, https:\/\/montetabor.org.br\/wp-content\/uploads\/2024\/03\/Papa-Joao-Paulo-II_tratada-300x238.jpg 300w, https:\/\/montetabor.org.br\/wp-content\/uploads\/2024\/03\/Papa-Joao-Paulo-II_tratada-768x609.jpg 768w, https:\/\/montetabor.org.br\/wp-content\/uploads\/2024\/03\/Papa-Joao-Paulo-II_tratada.jpg 1200w\" sizes=\"(max-width: 1024px) 100vw, 1024px\" \/><figcaption class=\"wp-element-caption\">D. Luigi com o Papa Jo\u00e3o Paulo II \u2013 Foto: Arquivo Monte Tabor.<\/figcaption><\/figure>\n<\/div>\n\n\n<figcaption id=\"caption-attachment-352\" class=\"wp-caption-text\"><\/figcaption>\n\n\n\n<figure id=\"attachment_353\" class=\"wp-caption aligncenter\" aria-describedby=\"caption-attachment-353\">\n<p><\/p><\/figure>\n\n\n<div class=\"wp-block-image wp-image-308 size-full\">\n<figure class=\"alignleft size-large\"><img loading=\"lazy\" decoding=\"async\" width=\"1024\" height=\"575\" src=\"http:\/\/54.90.57.89\/wp-content\/uploads\/2024\/03\/Madre-Teresa-de-Calcuta-TRATADA-1024x575.jpg\" alt=\"\" class=\"wp-image-1433\" srcset=\"https:\/\/montetabor.org.br\/wp-content\/uploads\/2024\/03\/Madre-Teresa-de-Calcuta-TRATADA-1024x575.jpg 1024w, https:\/\/montetabor.org.br\/wp-content\/uploads\/2024\/03\/Madre-Teresa-de-Calcuta-TRATADA-300x169.jpg 300w, https:\/\/montetabor.org.br\/wp-content\/uploads\/2024\/03\/Madre-Teresa-de-Calcuta-TRATADA-768x431.jpg 768w, https:\/\/montetabor.org.br\/wp-content\/uploads\/2024\/03\/Madre-Teresa-de-Calcuta-TRATADA.jpg 1200w\" sizes=\"(max-width: 1024px) 100vw, 1024px\" \/><figcaption class=\"wp-element-caption\">D. Luigi com Madre Tereza de Calcut\u00e1 \u2013 Foto: Arquivo Monte Tabor.<\/figcaption><\/figure>\n<\/div>\n\n\n<figcaption id=\"caption-attachment-353\" class=\"wp-caption-text\"><\/figcaption>\n\n\n\n<p><\/p>\n","protected":false},"excerpt":{"rendered":"<p>Da pequena Illasi para o mundo Luigi Maria Verz\u00e9 nasceu no dia 14 de mar\u00e7o de 1920, na pequena Illasi, cidade da regi\u00e3o do Veneto, prov\u00edncia de Verona, norte da It\u00e1lia. Filho de Em\u00edlio Verz\u00e9 e Lucilla Bozzi, saiu de casa aos 12 anos de idade para ingressar no semin\u00e1rio. Ainda jovem manifestou preocupa\u00e7\u00e3o com os problemas sociais, os quais resolveu dedicar a sua pr\u00f3pria exist\u00eancia, fundando diversas obras na It\u00e1lia e no mundo. Forma\u00e7\u00e3o em Filosofia Luigi Verz\u00e9 concluiu o ensino m\u00e9dio em 1939. Posteriormente, ingressou na Universidade Cat\u00f3lica de Mil\u00e3o para estudar Letras e Filosofia, onde formou-se tr\u00eas anos depois com a tese de l\u00e1urea em filosofia: \u201cCristo, o verdadeiro reformador social\u201d. A obra faz refletir sobre o pensamento de D. Luigi \u2013 \u201cO corpo social \u00e9 o corpo de Cristo\u201d, e redescobrir prodigiosa atualidade da prega\u00e7\u00e3o de um dos mais importantes padres da Igreja: San Giovanni Crisostomo. O livro foi reeditado em 2009 pela Editora San Raffaele. Sacerdote aos 28 anos Luigi ordenou-se sacerdote da Obra Don Calabria, em Verona, e celebrou a sua primeira missa em Illasi (VR), em 23 de mar\u00e7o de 1948. \u201cO que retribuirei ao Senhor, por tudo aquilo que ele me deu? A exist\u00eancia, a fam\u00edlia, a revela\u00e7\u00e3o, a Igreja, o Sacerd\u00f3cio, a Obra Monte Tabor \u2013 S\u00e3o Rafael com os milhares de rafaelinos, todos os divulgadores da Medicina Sacerd\u00f3cio de Cristo, o Deus que padece. Obrigado! O meu agradecimento ser\u00e1 a minha eternidade, \u00f3 meu Senhor\u201d. (D. Luigi) Cardeal Ildefonso Schuster Ildefonso Schuster era o Cardeal de Mil\u00e3o em 1950 e um dos grandes incentivadores da Obra Monte Tabor. Foi ele quem deu a D. Luigi, em 1950, a miss\u00e3o de construir um hospital crist\u00e3o. Em 1958, foi fundado o Centro de Assist\u00eancia Hospitaleira S\u00e3o Romanello. Dois anos depois, mais precisamente no dia 5 de julho de 1960, D. Luigi Verz\u00e9 apresentou ao Cardeal Montini (que mais tarde se tornaria o Papa Pio VI) o projeto do Hospital San Raffaele de Mil\u00e3o, que teve a pedra fundamental lan\u00e7ada em 1969. Giovanni Cal\u00e1bria Beato italiano da prov\u00edncia de Verona, D. Giovanni Cal\u00e1bria foi um dos grandes mestres de D. Luigi e estimulador da Obra San Raffaele. Ele&nbsp; dedicou sua vida exclusivamente a Deus e aos jovens. Ficou conhecido no mundo por causa da f\u00e9 que possu\u00eda na Provid\u00eancia Divina ao cuidar daqueles que mais precisavam.<\/p>\n","protected":false},"author":1,"featured_media":0,"parent":0,"menu_order":0,"comment_status":"closed","ping_status":"closed","template":"","meta":{"footnotes":""},"class_list":["post-1311","page","type-page","status-publish","hentry"],"jetpack_sharing_enabled":true,"_links":{"self":[{"href":"https:\/\/montetabor.org.br\/index.php\/wp-json\/wp\/v2\/pages\/1311","targetHints":{"allow":["GET"]}}],"collection":[{"href":"https:\/\/montetabor.org.br\/index.php\/wp-json\/wp\/v2\/pages"}],"about":[{"href":"https:\/\/montetabor.org.br\/index.php\/wp-json\/wp\/v2\/types\/page"}],"author":[{"embeddable":true,"href":"https:\/\/montetabor.org.br\/index.php\/wp-json\/wp\/v2\/users\/1"}],"replies":[{"embeddable":true,"href":"https:\/\/montetabor.org.br\/index.php\/wp-json\/wp\/v2\/comments?post=1311"}],"version-history":[{"count":2,"href":"https:\/\/montetabor.org.br\/index.php\/wp-json\/wp\/v2\/pages\/1311\/revisions"}],"predecessor-version":[{"id":1434,"href":"https:\/\/montetabor.org.br\/index.php\/wp-json\/wp\/v2\/pages\/1311\/revisions\/1434"}],"wp:attachment":[{"href":"https:\/\/montetabor.org.br\/index.php\/wp-json\/wp\/v2\/media?parent=1311"}],"curies":[{"name":"wp","href":"https:\/\/api.w.org\/{rel}","templated":true}]}}