{"id":1310,"date":"2019-12-21T16:30:16","date_gmt":"2019-12-21T16:30:16","guid":{"rendered":"http:\/\/www.montetabor.org.br\/?page_id=163"},"modified":"2024-03-19T20:39:16","modified_gmt":"2024-03-19T20:39:16","slug":"creche-amor-ao-proximo","status":"publish","type":"page","link":"https:\/\/montetabor.org.br\/index.php\/creche-amor-ao-proximo\/","title":{"rendered":"Creche Amor ao Pr\u00f3ximo"},"content":{"rendered":"<div class=\"wp-block-image\">\n<figure class=\"aligncenter size-large\"><img fetchpriority=\"high\" decoding=\"async\" width=\"1024\" height=\"526\" src=\"http:\/\/54.90.57.89\/wp-content\/uploads\/2024\/03\/fevereiro-1-1130x580-1-1024x526.jpg\" alt=\"\" class=\"wp-image-1392\" srcset=\"https:\/\/montetabor.org.br\/wp-content\/uploads\/2024\/03\/fevereiro-1-1130x580-1-1024x526.jpg 1024w, https:\/\/montetabor.org.br\/wp-content\/uploads\/2024\/03\/fevereiro-1-1130x580-1-300x154.jpg 300w, https:\/\/montetabor.org.br\/wp-content\/uploads\/2024\/03\/fevereiro-1-1130x580-1-768x394.jpg 768w, https:\/\/montetabor.org.br\/wp-content\/uploads\/2024\/03\/fevereiro-1-1130x580-1.jpg 1130w\" sizes=\"(max-width: 1024px) 100vw, 1024px\" \/><\/figure>\n<\/div>\n\n\n<p>O Programa Socioeducativo Nova Esperan\u00e7a nasceu do sonho de Dona Isabel Oliveira da Silva, que h\u00e1 em\u2026 (31 anos) fundou a Associa\u00e7\u00e3o Amor ao Pr\u00f3ximo para atender uma parte das crian\u00e7as da comunidade. Sem qualquer ajuda do governo, Dona Bel, como \u00e9 carinhosamente chamada, manteve a creche apenas com o dinheiro que ganhava como costureira e com pequenas doa\u00e7\u00f5es que recebia de moradores de Nova Esperan\u00e7a. Quando ela conheceu Laura Ziller, \u00e0 \u00e9poca vice-presidente do Hospital S\u00e3o Rafael, as coisas come\u00e7aram a mudar. Ciente da total car\u00eancia de pol\u00edticas p\u00fablicas na regi\u00e3o e da quantidade de crian\u00e7as e de jovens sem perspectiva de futuro, o Monte Tabor promoveu e financiou a constru\u00e7\u00e3o de importantes obras para o bairro.<\/p>\n\n\n\n<p>Em 1990, o Monte Tabor construiu a Escola Comunit\u00e1ria, depois fundou o Centro de Artesanato Laura Ziller (1996), a Igreja S\u00e3o Judas Tadeu, e, em seguida, a Creche Amor ao Pr\u00f3ximo (1998).<\/p>\n\n\n<div class=\"wp-block-image\">\n<figure class=\"aligncenter size-large\"><img decoding=\"async\" width=\"1024\" height=\"768\" src=\"http:\/\/54.90.57.89\/wp-content\/uploads\/2024\/03\/criancas-musica2-scaled-1-1024x768.jpg\" alt=\"\" class=\"wp-image-1393\" srcset=\"https:\/\/montetabor.org.br\/wp-content\/uploads\/2024\/03\/criancas-musica2-scaled-1-1024x768.jpg 1024w, https:\/\/montetabor.org.br\/wp-content\/uploads\/2024\/03\/criancas-musica2-scaled-1-300x225.jpg 300w, https:\/\/montetabor.org.br\/wp-content\/uploads\/2024\/03\/criancas-musica2-scaled-1-768x576.jpg 768w, https:\/\/montetabor.org.br\/wp-content\/uploads\/2024\/03\/criancas-musica2-scaled-1-1536x1152.jpg 1536w, https:\/\/montetabor.org.br\/wp-content\/uploads\/2024\/03\/criancas-musica2-scaled-1-2048x1536.jpg 2048w\" sizes=\"(max-width: 1024px) 100vw, 1024px\" \/><\/figure>\n<\/div>\n\n\n<p>Hoje, mais de cem crian\u00e7as est\u00e3o matriculadas na creche e no Projeto Talentos para o Futuro, que incentivar\u00e1 e acompanhar\u00e1 30 crian\u00e7as at\u00e9 o ensino superior. Uma a\u00e7\u00e3o que, sem d\u00favida, mexe muito com o futuro da comunidade, mas que, embora poucos percebam, \u00e9 decisiva, tamb\u00e9m, para o presente das crian\u00e7as e das m\u00e3es que vivem em Nova Esperan\u00e7a. \u201cQuando atrelamos a exist\u00eancia da creche \u00e0 capacita\u00e7\u00e3o das m\u00e3es no Centro de Artesanato, houve um aumento no or\u00e7amento das fam\u00edlias, pois viabilizamos que esta mulher trabalhe e seja remunerada por isso\u201d, afirma Dona Bel.<\/p>\n\n\n<div class=\"wp-block-image\">\n<figure class=\"aligncenter size-full\"><img decoding=\"async\" width=\"1024\" height=\"683\" src=\"http:\/\/54.90.57.89\/wp-content\/uploads\/2024\/03\/DSC_0025-1024x683-1.jpg\" alt=\"\" class=\"wp-image-1395\" srcset=\"https:\/\/montetabor.org.br\/wp-content\/uploads\/2024\/03\/DSC_0025-1024x683-1.jpg 1024w, https:\/\/montetabor.org.br\/wp-content\/uploads\/2024\/03\/DSC_0025-1024x683-1-300x200.jpg 300w, https:\/\/montetabor.org.br\/wp-content\/uploads\/2024\/03\/DSC_0025-1024x683-1-768x512.jpg 768w\" sizes=\"(max-width: 1024px) 100vw, 1024px\" \/><\/figure>\n<\/div>\n\n\n<p>Outra a\u00e7\u00e3o que mexe com a vida de Nova Esperan\u00e7a \u00e9 a realiza\u00e7\u00e3o da Feira da Sa\u00fade. O evento ocorre uma vez ao ano e, de uma forma l\u00fadica, a conquistar crian\u00e7as e pais, oferece aos moradores exames de sangue, medi\u00e7\u00e3o das taxas de colesterol e de glicemia e eletrocardiograma. Durante a Feira, as crian\u00e7as tamb\u00e9m podem colocar em dia a vacina\u00e7\u00e3o e aprender a melhorar a higiene pessoal enquanto brincam construindo carrinhos de garrafa pet, reciclando o lixo e se divertindo no embalo dos grupos de dan\u00e7a e de capoeira e participando de pe\u00e7as teatrais.<\/p>\n\n\n<div class=\"wp-block-image\">\n<figure class=\"aligncenter size-large\"><img loading=\"lazy\" decoding=\"async\" width=\"1024\" height=\"683\" src=\"http:\/\/54.90.57.89\/wp-content\/uploads\/2024\/03\/pag-21-13-2-scaled-1-1024x683.jpg\" alt=\"\" class=\"wp-image-1396\" srcset=\"https:\/\/montetabor.org.br\/wp-content\/uploads\/2024\/03\/pag-21-13-2-scaled-1-1024x683.jpg 1024w, https:\/\/montetabor.org.br\/wp-content\/uploads\/2024\/03\/pag-21-13-2-scaled-1-300x200.jpg 300w, https:\/\/montetabor.org.br\/wp-content\/uploads\/2024\/03\/pag-21-13-2-scaled-1-768x512.jpg 768w, https:\/\/montetabor.org.br\/wp-content\/uploads\/2024\/03\/pag-21-13-2-scaled-1-1536x1024.jpg 1536w, https:\/\/montetabor.org.br\/wp-content\/uploads\/2024\/03\/pag-21-13-2-scaled-1-2048x1366.jpg 2048w\" sizes=\"(max-width: 1024px) 100vw, 1024px\" \/><\/figure>\n<\/div>\n\n\n<p>A contribui\u00e7\u00e3o de entidades e de fam\u00edlias italianas e do Rotary Club Sto. Ant\u00f4nio, possibilitou a amplia\u00e7\u00e3o da Creche e do artesanato (2004) e a reforma da antiga escola comunit\u00e1ria (2006). A nova estrutura est\u00e1 preparada para os cursos profissionalizantes (el\u00e9trica, hidr\u00e1ulica e marcenaria) e a aquisi\u00e7\u00e3o de computadores para o curso de inform\u00e1tica e biblioteca, preparando os jovens para o mercado de trabalho. A participa\u00e7\u00e3o e a colabora\u00e7\u00e3o constantes da comunidade, eleva a auto estima e a escola de cidadania.<\/p>\n","protected":false},"excerpt":{"rendered":"<p>O Programa Socioeducativo Nova Esperan\u00e7a nasceu do sonho de Dona Isabel Oliveira da Silva, que h\u00e1 em\u2026 (31 anos) fundou a Associa\u00e7\u00e3o Amor ao Pr\u00f3ximo para atender uma parte das crian\u00e7as da comunidade. Sem qualquer ajuda do governo, Dona Bel, como \u00e9 carinhosamente chamada, manteve a creche apenas com o dinheiro que ganhava como costureira e com pequenas doa\u00e7\u00f5es que recebia de moradores de Nova Esperan\u00e7a. Quando ela conheceu Laura Ziller, \u00e0 \u00e9poca vice-presidente do Hospital S\u00e3o Rafael, as coisas come\u00e7aram a mudar. Ciente da total car\u00eancia de pol\u00edticas p\u00fablicas na regi\u00e3o e da quantidade de crian\u00e7as e de jovens sem perspectiva de futuro, o Monte Tabor promoveu e financiou a constru\u00e7\u00e3o de importantes obras para o bairro. Em 1990, o Monte Tabor construiu a Escola Comunit\u00e1ria, depois fundou o Centro de Artesanato Laura Ziller (1996), a Igreja S\u00e3o Judas Tadeu, e, em seguida, a Creche Amor ao Pr\u00f3ximo (1998). Hoje, mais de cem crian\u00e7as est\u00e3o matriculadas na creche e no Projeto Talentos para o Futuro, que incentivar\u00e1 e acompanhar\u00e1 30 crian\u00e7as at\u00e9 o ensino superior. Uma a\u00e7\u00e3o que, sem d\u00favida, mexe muito com o futuro da comunidade, mas que, embora poucos percebam, \u00e9 decisiva, tamb\u00e9m, para o presente das crian\u00e7as e das m\u00e3es que vivem em Nova Esperan\u00e7a. \u201cQuando atrelamos a exist\u00eancia da creche \u00e0 capacita\u00e7\u00e3o das m\u00e3es no Centro de Artesanato, houve um aumento no or\u00e7amento das fam\u00edlias, pois viabilizamos que esta mulher trabalhe e seja remunerada por isso\u201d, afirma Dona Bel. Outra a\u00e7\u00e3o que mexe com a vida de Nova Esperan\u00e7a \u00e9 a realiza\u00e7\u00e3o da Feira da Sa\u00fade. O evento ocorre uma vez ao ano e, de uma forma l\u00fadica, a conquistar crian\u00e7as e pais, oferece aos moradores exames de sangue, medi\u00e7\u00e3o das taxas de colesterol e de glicemia e eletrocardiograma. Durante a Feira, as crian\u00e7as tamb\u00e9m podem colocar em dia a vacina\u00e7\u00e3o e aprender a melhorar a higiene pessoal enquanto brincam construindo carrinhos de garrafa pet, reciclando o lixo e se divertindo no embalo dos grupos de dan\u00e7a e de capoeira e participando de pe\u00e7as teatrais. A contribui\u00e7\u00e3o de entidades e de fam\u00edlias italianas e do Rotary Club Sto. Ant\u00f4nio, possibilitou a amplia\u00e7\u00e3o da Creche e do artesanato (2004) e a reforma da antiga escola comunit\u00e1ria (2006). A nova estrutura est\u00e1 preparada para os cursos profissionalizantes (el\u00e9trica, hidr\u00e1ulica e marcenaria) e a aquisi\u00e7\u00e3o de computadores para o curso de inform\u00e1tica e biblioteca, preparando os jovens para o mercado de trabalho. A participa\u00e7\u00e3o e a colabora\u00e7\u00e3o constantes da comunidade, eleva a auto estima e a escola de cidadania.<\/p>\n","protected":false},"author":1,"featured_media":0,"parent":0,"menu_order":0,"comment_status":"closed","ping_status":"closed","template":"","meta":{"footnotes":""},"class_list":["post-1310","page","type-page","status-publish","hentry"],"jetpack_sharing_enabled":true,"_links":{"self":[{"href":"https:\/\/montetabor.org.br\/index.php\/wp-json\/wp\/v2\/pages\/1310","targetHints":{"allow":["GET"]}}],"collection":[{"href":"https:\/\/montetabor.org.br\/index.php\/wp-json\/wp\/v2\/pages"}],"about":[{"href":"https:\/\/montetabor.org.br\/index.php\/wp-json\/wp\/v2\/types\/page"}],"author":[{"embeddable":true,"href":"https:\/\/montetabor.org.br\/index.php\/wp-json\/wp\/v2\/users\/1"}],"replies":[{"embeddable":true,"href":"https:\/\/montetabor.org.br\/index.php\/wp-json\/wp\/v2\/comments?post=1310"}],"version-history":[{"count":2,"href":"https:\/\/montetabor.org.br\/index.php\/wp-json\/wp\/v2\/pages\/1310\/revisions"}],"predecessor-version":[{"id":1397,"href":"https:\/\/montetabor.org.br\/index.php\/wp-json\/wp\/v2\/pages\/1310\/revisions\/1397"}],"wp:attachment":[{"href":"https:\/\/montetabor.org.br\/index.php\/wp-json\/wp\/v2\/media?parent=1310"}],"curies":[{"name":"wp","href":"https:\/\/api.w.org\/{rel}","templated":true}]}}