{"id":1307,"date":"2019-12-21T16:28:31","date_gmt":"2019-12-21T16:28:31","guid":{"rendered":"http:\/\/www.montetabor.org.br\/?page_id=157"},"modified":"2024-03-19T20:31:20","modified_gmt":"2024-03-19T20:31:20","slug":"centro-de-tratamento-de-doencas-venosas-ctdv","status":"publish","type":"page","link":"https:\/\/montetabor.org.br\/index.php\/centro-de-tratamento-de-doencas-venosas-ctdv\/","title":{"rendered":"BENJAMIM &#8211; CENTRO DE TRATAMENTO DE ULCERAS E DOEN\u00c7AS VENOSAS"},"content":{"rendered":"<div class=\"wp-block-image wp-image-360 size-full\">\n<figure class=\"alignleft size-large\"><img fetchpriority=\"high\" decoding=\"async\" width=\"1024\" height=\"683\" src=\"http:\/\/54.90.57.89\/wp-content\/uploads\/2024\/03\/fachada_ctdv-1024x683.jpg\" alt=\"\" class=\"wp-image-1380\" srcset=\"https:\/\/montetabor.org.br\/wp-content\/uploads\/2024\/03\/fachada_ctdv-1024x683.jpg 1024w, https:\/\/montetabor.org.br\/wp-content\/uploads\/2024\/03\/fachada_ctdv-300x200.jpg 300w, https:\/\/montetabor.org.br\/wp-content\/uploads\/2024\/03\/fachada_ctdv-768x512.jpg 768w, https:\/\/montetabor.org.br\/wp-content\/uploads\/2024\/03\/fachada_ctdv.jpg 1200w\" sizes=\"(max-width: 1024px) 100vw, 1024px\" \/><figcaption class=\"wp-element-caption\">Fachada do CTDV, em Pau da Lima. Foto: Comunica\u00e7\u00e3o Monte Tabor<\/figcaption><\/figure>\n<\/div>\n\n\n<p>O Centro de Tratamento de&nbsp; Doen\u00e7as Venosas \u2013 CTDV \u00e9 uma unidade ambulatorial inaugurada em julho de 2018 para atender pacientes encaminhados pela Secretaria Municipal da Sa\u00fade para diagn\u00f3stico e tratamento nas \u00e1reas de Angiologia e Cirurgia Vascular, por meio da utiliza\u00e7\u00e3o da t\u00e9cnica de Escleroterapia de Varizes com Polidocanol, al\u00e9m da realiza\u00e7\u00e3o de Ultrassonografia com Doppler, consultas e curativos.<\/p>\n\n\n\n<p>O CTDV conta com uma estrutura que foi totalmente construida e adaptada, possibilitando a amplia\u00e7\u00e3o do Programa de Aten\u00e7\u00e3o Integral ao Paciente com Doen\u00e7a Venosa Cr\u00f4nica \u2013 PAI e a possibilidade de dobrar sua capacidade de atendimento. Al\u00e9m do tratamento de escleroterapia com espuma para os portadores de varizes e\/ou \u00falceras venosas, o programa tamb\u00e9m tem como objetivo realizar a capacita\u00e7\u00e3o te\u00f3rico-pr\u00e1tica de profissionais da rede municipal e articular o programa com a rede b\u00e1sica de sa\u00fade do munic\u00edpio no matriciamento das a\u00e7\u00f5es, racionaliza\u00e7\u00e3o do uso de recursos e boas pr\u00e1ticas no manejo de pacientes com doen\u00e7a venosa, aumentando a profici\u00eancia da rede municipal.<\/p>\n\n\n<div class=\"wp-block-image wp-image-359\">\n<figure class=\"aligncenter size-large\"><img decoding=\"async\" width=\"1024\" height=\"683\" src=\"http:\/\/54.90.57.89\/wp-content\/uploads\/2024\/03\/curativo_ctdv1-scaled-1-1024x683.jpg\" alt=\"\" class=\"wp-image-1381\" srcset=\"https:\/\/montetabor.org.br\/wp-content\/uploads\/2024\/03\/curativo_ctdv1-scaled-1-1024x683.jpg 1024w, https:\/\/montetabor.org.br\/wp-content\/uploads\/2024\/03\/curativo_ctdv1-scaled-1-300x200.jpg 300w, https:\/\/montetabor.org.br\/wp-content\/uploads\/2024\/03\/curativo_ctdv1-scaled-1-768x512.jpg 768w, https:\/\/montetabor.org.br\/wp-content\/uploads\/2024\/03\/curativo_ctdv1-scaled-1-1536x1024.jpg 1536w, https:\/\/montetabor.org.br\/wp-content\/uploads\/2024\/03\/curativo_ctdv1-scaled-1-2048x1366.jpg 2048w\" sizes=\"(max-width: 1024px) 100vw, 1024px\" \/><figcaption class=\"wp-element-caption\">Realiza\u00e7\u00e3o de curativo. Foto: Comunica\u00e7\u00e3o Monte Tabor<\/figcaption><\/figure>\n<\/div>\n\n\n<p>Muitos dos pacientes encaminhados ao CTDV estavam afastados ou aposentados por invalidez (causa: varizes e \u00falceras venosas). Ap\u00f3s algumas semanas de tratamento, normalmente, retornam para o conv\u00edvio social podendo voltar a exercer as suas atividades profissionais. O tratamento demonstrou-se seguro, eficaz e de baixo custo, atestando com o que buscamos em pol\u00edtica de sa\u00fade p\u00fablica e de custo-minimiza\u00e7\u00e3o.<\/p>\n\n\n\n<p>A unidade funciona na periferia de Salvador e presta atendimento 100% SUS, ap\u00f3s investimentos com recursos pr\u00f3prios para adequar a estrutura f\u00edsica, equipamentos, aquisi\u00e7\u00e3o de elevador, em estrutura humanizada que conta com uma equipe de 6 m\u00e9dicos especialistas na t\u00e9cnica pioneira de escleroterapia, 6 profissionais de enfermagem e 11 administrativos e apoio operacional.<\/p>\n\n\n\n<p>O CTDV conta na estrutura f\u00edsica com uma recep\u00e7\u00e3o, tr\u00eas consult\u00f3rios m\u00e9dicos, uma sala de curativos com quatro esta\u00e7\u00f5es, uma sala de procedimentos, salas de servi\u00e7os de apoio e administra\u00e7\u00e3o.<\/p>\n\n\n\n<p>O CTDV est\u00e1 funcionando desde Julho\/2018 e em constante aprimoramento para novas possibilidades na assist\u00eancia da popula\u00e7\u00e3o que mais precisa e que sofre com as varizes e \u00falceras venosas. O programa j\u00e1 comtemplou aproximadamente 5.000 soteropolitanos desde o seu in\u00edcio.<\/p>\n","protected":false},"excerpt":{"rendered":"<p>O Centro de Tratamento de&nbsp; Doen\u00e7as Venosas \u2013 CTDV \u00e9 uma unidade ambulatorial inaugurada em julho de 2018 para atender pacientes encaminhados pela Secretaria Municipal da Sa\u00fade para diagn\u00f3stico e tratamento nas \u00e1reas de Angiologia e Cirurgia Vascular, por meio da utiliza\u00e7\u00e3o da t\u00e9cnica de Escleroterapia de Varizes com Polidocanol, al\u00e9m da realiza\u00e7\u00e3o de Ultrassonografia com Doppler, consultas e curativos. O CTDV conta com uma estrutura que foi totalmente construida e adaptada, possibilitando a amplia\u00e7\u00e3o do Programa de Aten\u00e7\u00e3o Integral ao Paciente com Doen\u00e7a Venosa Cr\u00f4nica \u2013 PAI e a possibilidade de dobrar sua capacidade de atendimento. Al\u00e9m do tratamento de escleroterapia com espuma para os portadores de varizes e\/ou \u00falceras venosas, o programa tamb\u00e9m tem como objetivo realizar a capacita\u00e7\u00e3o te\u00f3rico-pr\u00e1tica de profissionais da rede municipal e articular o programa com a rede b\u00e1sica de sa\u00fade do munic\u00edpio no matriciamento das a\u00e7\u00f5es, racionaliza\u00e7\u00e3o do uso de recursos e boas pr\u00e1ticas no manejo de pacientes com doen\u00e7a venosa, aumentando a profici\u00eancia da rede municipal. Muitos dos pacientes encaminhados ao CTDV estavam afastados ou aposentados por invalidez (causa: varizes e \u00falceras venosas). Ap\u00f3s algumas semanas de tratamento, normalmente, retornam para o conv\u00edvio social podendo voltar a exercer as suas atividades profissionais. O tratamento demonstrou-se seguro, eficaz e de baixo custo, atestando com o que buscamos em pol\u00edtica de sa\u00fade p\u00fablica e de custo-minimiza\u00e7\u00e3o. A unidade funciona na periferia de Salvador e presta atendimento 100% SUS, ap\u00f3s investimentos com recursos pr\u00f3prios para adequar a estrutura f\u00edsica, equipamentos, aquisi\u00e7\u00e3o de elevador, em estrutura humanizada que conta com uma equipe de 6 m\u00e9dicos especialistas na t\u00e9cnica pioneira de escleroterapia, 6 profissionais de enfermagem e 11 administrativos e apoio operacional. O CTDV conta na estrutura f\u00edsica com uma recep\u00e7\u00e3o, tr\u00eas consult\u00f3rios m\u00e9dicos, uma sala de curativos com quatro esta\u00e7\u00f5es, uma sala de procedimentos, salas de servi\u00e7os de apoio e administra\u00e7\u00e3o. O CTDV est\u00e1 funcionando desde Julho\/2018 e em constante aprimoramento para novas possibilidades na assist\u00eancia da popula\u00e7\u00e3o que mais precisa e que sofre com as varizes e \u00falceras venosas. O programa j\u00e1 comtemplou aproximadamente 5.000 soteropolitanos desde o seu in\u00edcio.<\/p>\n","protected":false},"author":1,"featured_media":0,"parent":0,"menu_order":0,"comment_status":"closed","ping_status":"closed","template":"","meta":{"footnotes":""},"class_list":["post-1307","page","type-page","status-publish","hentry"],"jetpack_sharing_enabled":true,"_links":{"self":[{"href":"https:\/\/montetabor.org.br\/index.php\/wp-json\/wp\/v2\/pages\/1307","targetHints":{"allow":["GET"]}}],"collection":[{"href":"https:\/\/montetabor.org.br\/index.php\/wp-json\/wp\/v2\/pages"}],"about":[{"href":"https:\/\/montetabor.org.br\/index.php\/wp-json\/wp\/v2\/types\/page"}],"author":[{"embeddable":true,"href":"https:\/\/montetabor.org.br\/index.php\/wp-json\/wp\/v2\/users\/1"}],"replies":[{"embeddable":true,"href":"https:\/\/montetabor.org.br\/index.php\/wp-json\/wp\/v2\/comments?post=1307"}],"version-history":[{"count":2,"href":"https:\/\/montetabor.org.br\/index.php\/wp-json\/wp\/v2\/pages\/1307\/revisions"}],"predecessor-version":[{"id":1382,"href":"https:\/\/montetabor.org.br\/index.php\/wp-json\/wp\/v2\/pages\/1307\/revisions\/1382"}],"wp:attachment":[{"href":"https:\/\/montetabor.org.br\/index.php\/wp-json\/wp\/v2\/media?parent=1307"}],"curies":[{"name":"wp","href":"https:\/\/api.w.org\/{rel}","templated":true}]}}