{"id":1306,"date":"2019-12-21T16:26:58","date_gmt":"2019-12-21T16:26:58","guid":{"rendered":"http:\/\/www.montetabor.org.br\/?page_id=155"},"modified":"2025-12-01T10:49:33","modified_gmt":"2025-12-01T10:49:33","slug":"ludovica","status":"publish","type":"page","link":"https:\/\/montetabor.org.br\/index.php\/ludovica\/","title":{"rendered":"Ludovica &#8211; Centro de Educa\u00e7\u00e3o Profissional"},"content":{"rendered":"\t\t<div data-elementor-type=\"wp-page\" data-elementor-id=\"1306\" class=\"elementor elementor-1306\">\n\t\t\t\t<div class=\"elementor-element elementor-element-4404fa8 e-con-full e-flex wpr-particle-no wpr-jarallax-no wpr-parallax-no wpr-sticky-section-no wpr-equal-height-no e-con e-parent\" data-id=\"4404fa8\" data-element_type=\"container\" data-e-type=\"container\">\n\t\t\t\t<div class=\"elementor-element elementor-element-8a88bbd elementor-widget elementor-widget-image\" data-id=\"8a88bbd\" data-element_type=\"widget\" data-e-type=\"widget\" data-widget_type=\"image.default\">\n\t\t\t\t<div class=\"elementor-widget-container\">\n\t\t\t\t\t\t\t\t\t\t\t\t\t\t\t\t<a href=\"https:\/\/docs.google.com\/forms\/d\/e\/1FAIpQLSdnYEZwSW43KxhPd9mdQ5fkWlhgamrHcxD1Qlro_TYPPwYGqA\/viewform?usp=dialog\">\n\t\t\t\t\t\t\t<img fetchpriority=\"high\" decoding=\"async\" width=\"800\" height=\"313\" src=\"https:\/\/montetabor.org.br\/wp-content\/uploads\/2025\/11\/site-3-1024x400.png\" class=\"attachment-large size-large wp-image-1990\" alt=\"\" srcset=\"https:\/\/montetabor.org.br\/wp-content\/uploads\/2025\/11\/site-3-1024x400.png 1024w, https:\/\/montetabor.org.br\/wp-content\/uploads\/2025\/11\/site-3-300x117.png 300w, https:\/\/montetabor.org.br\/wp-content\/uploads\/2025\/11\/site-3-768x300.png 768w, https:\/\/montetabor.org.br\/wp-content\/uploads\/2025\/11\/site-3.png 1460w\" sizes=\"(max-width: 800px) 100vw, 800px\" \/>\t\t\t\t\t\t\t\t<\/a>\n\t\t\t\t\t\t\t\t\t\t\t\t\t\t\t<\/div>\n\t\t\t\t<\/div>\n\t\t\t\t<div class=\"elementor-element elementor-element-1050b545 elementor-widget elementor-widget-text-editor\" data-id=\"1050b545\" data-element_type=\"widget\" data-e-type=\"widget\" data-widget_type=\"text-editor.default\">\n\t\t\t\t<div class=\"elementor-widget-container\">\n\t\t\t\t\t\t\t\t\t<p>\u00a0<\/p><p><strong style=\"color: var( --e-global-color-text ); font-family: var( --e-global-typography-text-font-family ), Sans-serif; text-align: var(--text-align); font-size: 1rem;\">CURSOS OFERECIDOS<\/strong><\/p><ul><li><span style=\"color: #3366ff;\"><a style=\"color: #3366ff;\" href=\"http:\/\/www.montetabor.org.br\/agente-de-higienizacao\/\"><strong>Agente de Higieniza\u00e7\u00e3o<\/strong><\/a><\/span><\/li><li><span style=\"color: #3366ff;\"><a style=\"color: #3366ff;\" href=\"http:\/\/www.montetabor.org.br\/curso-de-atendimento-domiciliar\/\"><strong>Atendimento Domiciliar<\/strong><\/a><\/span><\/li><li><span style=\"color: #3366ff;\"><a style=\"color: #3366ff;\" href=\"http:\/\/www.montetabor.org.br\/curso-de-atendente-de-farmacia\/\"><strong>Atendente de Farm\u00e1cia<\/strong><\/a><\/span><\/li><li><span style=\"color: #3366ff;\"><a style=\"color: #3366ff;\" href=\"http:\/\/www.montetabor.org.br\/curso-de-atualizacao-em-urgencia\/\"><strong>Atualiza\u00e7\u00e3o em Urg\u00eancia\/Emerg\u00eancia<\/strong><\/a><\/span><\/li><li><span style=\"color: #3366ff;\"><a style=\"color: #3366ff;\" href=\"http:\/\/www.montetabor.org.br\/atualizacao-em-uti\/\"><strong>Atualiza\u00e7\u00e3o em UTI<\/strong><\/a><\/span><\/li><li><span style=\"color: #3366ff;\"><a style=\"color: #3366ff;\" href=\"http:\/\/www.montetabor.org.br\/curso-de-administracao-de-injetaveis\/\"><strong>Atualiza\u00e7\u00e3o em Administra\u00e7\u00e3o de Injet\u00e1veis<\/strong><\/a><\/span><\/li><li><span style=\"color: #3366ff;\"><a style=\"color: #3366ff;\" href=\"http:\/\/www.montetabor.org.br\/curso-de-atualizacao-em-enfermagem-medico-cirurgica\/\"><strong>Atualiza\u00e7\u00e3o em Enfermagem M\u00e9dico-Cir\u00fargica<\/strong><\/a><\/span><\/li><li><span style=\"color: #3366ff;\"><a style=\"color: #3366ff;\" href=\"http:\/\/www.montetabor.org.br\/curso-de-terapia-dialitica\/\"><strong>Atualiza\u00e7\u00e3o em Terapia Dial\u00edtica<\/strong><\/a><\/span><\/li><li><span style=\"color: #3366ff;\"><a style=\"color: #3366ff;\" href=\"http:\/\/www.montetabor.org.br\/curso-de-atualizacao-em-urgencia\/\"><strong>Atualiza\u00e7\u00e3o em Urg\u00eancia\/Emerg\u00eancia<\/strong><\/a><\/span><\/li><li><a href=\"http:\/\/www.montetabor.org.br\/curso-de-auxiliar-de-classe\/\"><span style=\"color: #3366ff;\"><strong>Auxiliar de Classe<\/strong><\/span><\/a><\/li><li><span style=\"color: #3366ff;\"><a style=\"color: #3366ff;\" href=\"http:\/\/www.montetabor.org.br\/curso-de-camareira\/\"><strong>Camareira<\/strong><\/a><\/span><\/li><li><span style=\"color: #3366ff;\"><a style=\"color: #3366ff;\" href=\"http:\/\/www.montetabor.org.br\/curso-de-copeiro-dietista\/\"><strong>Copeiro Dietista<\/strong><\/a><\/span><\/li><li><span style=\"color: #3366ff;\"><a style=\"color: #3366ff;\" href=\"http:\/\/www.montetabor.org.br\/curso-para-cuidador-de-idosos\/\"><strong>Cuidador de Idosos<\/strong><\/a><\/span><\/li><li><span style=\"color: #3366ff;\"><a style=\"color: #3366ff;\" href=\"http:\/\/www.montetabor.org.br\/governanca\/\"><strong>Governan\u00e7a<\/strong><\/a><\/span><\/li><li><span style=\"color: #3366ff;\"><a style=\"color: #3366ff;\" href=\"http:\/\/www.montetabor.org.br\/curso-de-imunizacao\/\"><strong>Imuniza\u00e7\u00e3o<\/strong><\/a><\/span><\/li><li><span style=\"color: #3366ff;\"><a style=\"color: #3366ff;\" href=\"http:\/\/www.montetabor.org.br\/curso-de-recepcionista\/\"><strong>Recepcionista<\/strong><\/a><\/span><\/li><li><span style=\"color: #3366ff;\"><a style=\"color: #3366ff;\" href=\"http:\/\/www.montetabor.org.br\/curso-de-primeiros-socorros\/\"><strong>Primeiros Socorros<\/strong><\/a><\/span><\/li><li><span style=\"color: #3366ff;\"><a style=\"color: #3366ff;\" href=\"http:\/\/www.montetabor.org.br\/cuidados-de-enfermagem-treinamento-pratico\/\"><strong>Cuidados de Enfermagem (TREINAMENTO PR\u00c1TICO)<\/strong><\/a><\/span><\/li><li><span style=\"color: #3366ff;\"><a style=\"color: #3366ff;\" href=\"http:\/\/www.montetabor.org.br\/calculos-de-medicamentos-treinamento-pratico\/\"><strong>C\u00e1lculos de Medicamentos (TREINAMENTO PR\u00c1TICO)<\/strong><\/a><\/span><\/li><li><span style=\"color: #3366ff;\"><a style=\"color: #3366ff;\" href=\"http:\/\/www.montetabor.org.br\/administracao-de-medicamentos-treinamento-pratico\/\"><strong>Administra\u00e7\u00e3o de Medicamentos (TREINAMENTO PR\u00c1TICO)<\/strong><\/a><\/span><\/li><\/ul><figure id=\"attachment_1765\" aria-describedby=\"caption-attachment-1765\" style=\"width: 1330px\" class=\"wp-caption alignnone\"><img decoding=\"async\" class=\"wp-image-1765 size-full\" src=\"https:\/\/montetabor.org.br\/wp-content\/uploads\/2025\/02\/04-1989_I-Turma-da-Escola-de-Enfermagem-23-03-1989-1-4.jpg\" alt=\"\" width=\"1330\" height=\"798\" srcset=\"https:\/\/montetabor.org.br\/wp-content\/uploads\/2025\/02\/04-1989_I-Turma-da-Escola-de-Enfermagem-23-03-1989-1-4.jpg 1330w, https:\/\/montetabor.org.br\/wp-content\/uploads\/2025\/02\/04-1989_I-Turma-da-Escola-de-Enfermagem-23-03-1989-1-4-300x180.jpg 300w, https:\/\/montetabor.org.br\/wp-content\/uploads\/2025\/02\/04-1989_I-Turma-da-Escola-de-Enfermagem-23-03-1989-1-4-1024x614.jpg 1024w, https:\/\/montetabor.org.br\/wp-content\/uploads\/2025\/02\/04-1989_I-Turma-da-Escola-de-Enfermagem-23-03-1989-1-4-768x461.jpg 768w\" sizes=\"(max-width: 1330px) 100vw, 1330px\" \/><figcaption id=\"caption-attachment-1765\" class=\"wp-caption-text\">Aula ministrada para a primeira turma de t\u00e9cnicos em enfermagem da Escola T\u00e9cnica S\u00e3o Rafael. Foto: Arquivo Monte Tabor<\/figcaption><\/figure><p><strong>O CENTRO DE EDUCA\u00c7\u00c3O<\/strong><\/p><p>Fundada em 1989, a Escola T\u00e9cnica S\u00e3o Rafael, hoje Ludovica &#8211; Centro de Educa\u00e7\u00e3o Profissional, \u00e9 uma institui\u00e7\u00e3o de ensino mantida pelo Monte Tabor que tem contribu\u00eddo, ao longo das \u00faltimas tr\u00eas d\u00e9cadas, com o mercado de trabalho, na \u00e1rea da sa\u00fade, por meio da forma\u00e7\u00e3o profissional de t\u00e9cnicos em enfermagem, sempre com a constante preocupa\u00e7\u00e3o com a qualidade do ensino oferecido, o que inclui a qualifica\u00e7\u00e3o do corpo docente, bem como o acolhimento e acompanhamento individual do aluno, aliado \u00e0 busca constante de suas potencialidades.<\/p><figure id=\"attachment_1783\" aria-describedby=\"caption-attachment-1783\" style=\"width: 1330px\" class=\"wp-caption alignnone\"><img decoding=\"async\" class=\"wp-image-1783\" src=\"https:\/\/montetabor.org.br\/wp-content\/uploads\/2025\/02\/IMG_9201-300x225.jpeg\" alt=\"\" width=\"1330\" height=\"998\" srcset=\"https:\/\/montetabor.org.br\/wp-content\/uploads\/2025\/02\/IMG_9201-300x225.jpeg 300w, https:\/\/montetabor.org.br\/wp-content\/uploads\/2025\/02\/IMG_9201-1024x768.jpeg 1024w, https:\/\/montetabor.org.br\/wp-content\/uploads\/2025\/02\/IMG_9201-768x576.jpeg 768w, https:\/\/montetabor.org.br\/wp-content\/uploads\/2025\/02\/IMG_9201-1536x1152.jpeg 1536w, https:\/\/montetabor.org.br\/wp-content\/uploads\/2025\/02\/IMG_9201.jpeg 2048w\" sizes=\"(max-width: 1330px) 100vw, 1330px\" \/><figcaption id=\"caption-attachment-1783\" class=\"wp-caption-text\">Aula de Primeiros Socorros &#8211; FOTO: Arquivo Monte Tabor<\/figcaption><\/figure><p>Nos \u00faltimos anos, o Ludovica tem oferecido tamb\u00e9m cursos de atualiza\u00e7\u00e3o e capacita\u00e7\u00e3o, al\u00e9m de treinamentos pr\u00e1ticos supervisionados nas \u00e1reas de Enfermagem (UTI, Imuniza\u00e7\u00e3o, Urg\u00eancia e Emerg\u00eancia, Enfermagem M\u00e9dico-Cir\u00fargica, Terapia Dial\u00edtica, Administra\u00e7\u00e3o de Injet\u00e1veis, Atendimento Domiciliar, C\u00e1lculos de M\u00e9dicamentos, Cuidados de Enfermagem e Administra\u00e7\u00e3o de Medicamentos) e Hotelaria (Camareira, Copeiro Dietista e Governan\u00e7a em Meios de Hospedagem), entre outra, como Agente de Higieniza\u00e7\u00e3o, Primeiros Socorros e Cuidador de Idosos.<\/p><p><strong>PRINC\u00cdPIOS<\/strong><\/p><p>O Ludovica &#8211; Centro de Educa\u00e7\u00e3o Profissional baseia-se nos princ\u00edpios crist\u00e3os institucionais, estabelecidos pelo fundador do Monte Tabor, D. Luigi Verz\u00e9. Sendo assim, o Curso T\u00e9cnico em Enfermagem e os outros oferecidos pela institui\u00e7\u00e3o, s\u00e3o voltados para o aprimoramento do aluno como pessoa humana, e ao desenvolvimento de suas aptid\u00f5es, de forma a atender \u00e0s v\u00e1rias demandas das \u00e1reas profissional e social.Durante o curso, os alunos participam de atividades, como eventos institucionais, feiras de sa\u00fade, entre outros, que contribuem para o desenvolvimento da solidariedade, responsabilidade, compet\u00eancias, aspectos necess\u00e1rios para que o estudante possa ter uma forma\u00e7\u00e3o profissional de excel\u00eancia e, quando estiver no mercado de trabalho, assuma, literalmente, a fun\u00e7\u00e3o de um agente do \u201ccuidar\u201d.<\/p><p><img loading=\"lazy\" decoding=\"async\" class=\"alignnone wp-image-1785\" src=\"https:\/\/montetabor.org.br\/wp-content\/uploads\/2025\/02\/IMG_3006-225x300.jpeg\" alt=\"Aula pr\u00e1tica de pun\u00e7\u00e3o venosa no laborat\u00f3rio do Ludovica - Centro de Educa\u00e7\u00e3o Profissional. FOTO: Arquivo Monte Tabor\" width=\"1330\" height=\"1773\" srcset=\"https:\/\/montetabor.org.br\/wp-content\/uploads\/2025\/02\/IMG_3006-225x300.jpeg 225w, https:\/\/montetabor.org.br\/wp-content\/uploads\/2025\/02\/IMG_3006-768x1024.jpeg 768w, https:\/\/montetabor.org.br\/wp-content\/uploads\/2025\/02\/IMG_3006-1152x1536.jpeg 1152w, https:\/\/montetabor.org.br\/wp-content\/uploads\/2025\/02\/IMG_3006.jpeg 1536w\" sizes=\"(max-width: 1330px) 100vw, 1330px\" \/><\/p><p>O corpo docente do Ludovica &#8211; Centro de Educa\u00e7\u00e3o Profissional \u00e9 formado por profissionais de diversas \u00e1reas de atua\u00e7\u00e3o, entre as quais, enfermeiros, bi\u00f3logos, nutricionistas, entre outros, al\u00e9m de enfermeiros especialistas e mestres, o que permite a troca de experi\u00eancias e a possibilidade do estudante em adquirir o melhor de cada um deles.<\/p><p>Para mais informa\u00e7\u00f5es sobre o Centro de Educa\u00e7\u00e3o Profissional, os interessados devem ligar para (71) 3409-8130 ou (71) 99726-007<\/p>\t\t\t\t\t\t\t\t<\/div>\n\t\t\t\t<\/div>\n\t\t\t\t<\/div>\n\t\t\t\t<\/div>\n\t\t","protected":false},"excerpt":{"rendered":"<p>\u00a0 CURSOS OFERECIDOS Agente de Higieniza\u00e7\u00e3o Atendimento Domiciliar Atendente de Farm\u00e1cia Atualiza\u00e7\u00e3o em Urg\u00eancia\/Emerg\u00eancia Atualiza\u00e7\u00e3o em UTI Atualiza\u00e7\u00e3o em Administra\u00e7\u00e3o de Injet\u00e1veis Atualiza\u00e7\u00e3o em Enfermagem M\u00e9dico-Cir\u00fargica Atualiza\u00e7\u00e3o em Terapia Dial\u00edtica Atualiza\u00e7\u00e3o em Urg\u00eancia\/Emerg\u00eancia Auxiliar de Classe Camareira Copeiro Dietista Cuidador de Idosos Governan\u00e7a Imuniza\u00e7\u00e3o Recepcionista Primeiros Socorros Cuidados de Enfermagem (TREINAMENTO PR\u00c1TICO) C\u00e1lculos de Medicamentos (TREINAMENTO PR\u00c1TICO) Administra\u00e7\u00e3o de Medicamentos (TREINAMENTO PR\u00c1TICO) O CENTRO DE EDUCA\u00c7\u00c3O Fundada em 1989, a Escola T\u00e9cnica S\u00e3o Rafael, hoje Ludovica &#8211; Centro de Educa\u00e7\u00e3o Profissional, \u00e9 uma institui\u00e7\u00e3o de ensino mantida pelo Monte Tabor que tem contribu\u00eddo, ao longo das \u00faltimas tr\u00eas d\u00e9cadas, com o mercado de trabalho, na \u00e1rea da sa\u00fade, por meio da forma\u00e7\u00e3o profissional de t\u00e9cnicos em enfermagem, sempre com a constante preocupa\u00e7\u00e3o com a qualidade do ensino oferecido, o que inclui a qualifica\u00e7\u00e3o do corpo docente, bem como o acolhimento e acompanhamento individual do aluno, aliado \u00e0 busca constante de suas potencialidades. Nos \u00faltimos anos, o Ludovica tem oferecido tamb\u00e9m cursos de atualiza\u00e7\u00e3o e capacita\u00e7\u00e3o, al\u00e9m de treinamentos pr\u00e1ticos supervisionados nas \u00e1reas de Enfermagem (UTI, Imuniza\u00e7\u00e3o, Urg\u00eancia e Emerg\u00eancia, Enfermagem M\u00e9dico-Cir\u00fargica, Terapia Dial\u00edtica, Administra\u00e7\u00e3o de Injet\u00e1veis, Atendimento Domiciliar, C\u00e1lculos de M\u00e9dicamentos, Cuidados de Enfermagem e Administra\u00e7\u00e3o de Medicamentos) e Hotelaria (Camareira, Copeiro Dietista e Governan\u00e7a em Meios de Hospedagem), entre outra, como Agente de Higieniza\u00e7\u00e3o, Primeiros Socorros e Cuidador de Idosos. PRINC\u00cdPIOS O Ludovica &#8211; Centro de Educa\u00e7\u00e3o Profissional baseia-se nos princ\u00edpios crist\u00e3os institucionais, estabelecidos pelo fundador do Monte Tabor, D. Luigi Verz\u00e9. Sendo assim, o Curso T\u00e9cnico em Enfermagem e os outros oferecidos pela institui\u00e7\u00e3o, s\u00e3o voltados para o aprimoramento do aluno como pessoa humana, e ao desenvolvimento de suas aptid\u00f5es, de forma a atender \u00e0s v\u00e1rias demandas das \u00e1reas profissional e social.Durante o curso, os alunos participam de atividades, como eventos institucionais, feiras de sa\u00fade, entre outros, que contribuem para o desenvolvimento da solidariedade, responsabilidade, compet\u00eancias, aspectos necess\u00e1rios para que o estudante possa ter uma forma\u00e7\u00e3o profissional de excel\u00eancia e, quando estiver no mercado de trabalho, assuma, literalmente, a fun\u00e7\u00e3o de um agente do \u201ccuidar\u201d. O corpo docente do Ludovica &#8211; Centro de Educa\u00e7\u00e3o Profissional \u00e9 formado por profissionais de diversas \u00e1reas de atua\u00e7\u00e3o, entre as quais, enfermeiros, bi\u00f3logos, nutricionistas, entre outros, al\u00e9m de enfermeiros especialistas e mestres, o que permite a troca de experi\u00eancias e a possibilidade do estudante em adquirir o melhor de cada um deles. Para mais informa\u00e7\u00f5es sobre o Centro de Educa\u00e7\u00e3o Profissional, os interessados devem ligar para (71) 3409-8130 ou (71) 99726-007<\/p>\n","protected":false},"author":1,"featured_media":0,"parent":0,"menu_order":0,"comment_status":"closed","ping_status":"closed","template":"","meta":{"footnotes":""},"class_list":["post-1306","page","type-page","status-publish","hentry"],"jetpack_sharing_enabled":true,"_links":{"self":[{"href":"https:\/\/montetabor.org.br\/index.php\/wp-json\/wp\/v2\/pages\/1306","targetHints":{"allow":["GET"]}}],"collection":[{"href":"https:\/\/montetabor.org.br\/index.php\/wp-json\/wp\/v2\/pages"}],"about":[{"href":"https:\/\/montetabor.org.br\/index.php\/wp-json\/wp\/v2\/types\/page"}],"author":[{"embeddable":true,"href":"https:\/\/montetabor.org.br\/index.php\/wp-json\/wp\/v2\/users\/1"}],"replies":[{"embeddable":true,"href":"https:\/\/montetabor.org.br\/index.php\/wp-json\/wp\/v2\/comments?post=1306"}],"version-history":[{"count":33,"href":"https:\/\/montetabor.org.br\/index.php\/wp-json\/wp\/v2\/pages\/1306\/revisions"}],"predecessor-version":[{"id":2010,"href":"https:\/\/montetabor.org.br\/index.php\/wp-json\/wp\/v2\/pages\/1306\/revisions\/2010"}],"wp:attachment":[{"href":"https:\/\/montetabor.org.br\/index.php\/wp-json\/wp\/v2\/media?parent=1306"}],"curies":[{"name":"wp","href":"https:\/\/api.w.org\/{rel}","templated":true}]}}