{"id":1305,"date":"2019-12-21T16:25:37","date_gmt":"2019-12-21T16:25:37","guid":{"rendered":"http:\/\/www.montetabor.org.br\/?page_id=153"},"modified":"2024-04-09T20:39:10","modified_gmt":"2024-04-09T20:39:10","slug":"associacao-sigilli","status":"publish","type":"page","link":"https:\/\/montetabor.org.br\/index.php\/associacao-sigilli\/","title":{"rendered":"Associa\u00e7\u00e3o Sigilli"},"content":{"rendered":"<div class=\"wp-block-image wp-image-301 size-full\">\n<figure class=\"alignleft size-large is-resized\"><img fetchpriority=\"high\" decoding=\"async\" width=\"1024\" height=\"682\" src=\"http:\/\/54.90.57.89\/wp-content\/uploads\/2024\/03\/Sigilli-Brasil-1-1024x682.jpg\" alt=\"\" class=\"wp-image-1374\" style=\"width:940px\" srcset=\"https:\/\/montetabor.org.br\/wp-content\/uploads\/2024\/03\/Sigilli-Brasil-1-1024x682.jpg 1024w, https:\/\/montetabor.org.br\/wp-content\/uploads\/2024\/03\/Sigilli-Brasil-1-300x200.jpg 300w, https:\/\/montetabor.org.br\/wp-content\/uploads\/2024\/03\/Sigilli-Brasil-1-768x512.jpg 768w, https:\/\/montetabor.org.br\/wp-content\/uploads\/2024\/03\/Sigilli-Brasil-1-1536x1024.jpg 1536w, https:\/\/montetabor.org.br\/wp-content\/uploads\/2024\/03\/Sigilli-Brasil-1.jpg 2000w\" sizes=\"(max-width: 1024px) 100vw, 1024px\" \/><\/figure>\n<\/div>\n\n\n<p><\/p>\n\n\n\n<p>A Associa\u00e7\u00e3o Sigilli \u00e9 uma associa\u00e7\u00e3o de fi\u00e9is leigos, formada por mulheres e homens, crist\u00e3os cat\u00f3licos, fundada pelo querido e saudoso sacerdote D. Luigi Maria Verz\u00e9, em 1966, em Verona \u2013 It\u00e1lia. Esta associa\u00e7\u00e3o, como tantas outras, possui uma miss\u00e3o e um carisma espec\u00edficos, ou seja, tomar como projeto de vida as palavras de Jesus \u201cIde, ensinai e curai\u201d, atrav\u00e9s da transfigura\u00e7\u00e3o da Medicina em sentido amplo.<\/p>\n\n\n\n<p>Sigillo, palavra italiana que significa selo ou marca, foi o nome escolhido por D. Verz\u00e9 para designar aqueles que foram marcados por Deus para uma miss\u00e3o dentro da Obra Monte Tabor. J\u00e1 a palavra carisma, significa gra\u00e7as especiais concedidas pelo Esp\u00edrito Santo \u00e0s pessoas que, por sua vez, se tornam comprometidas na Igreja, e fora dela, com o bem dos seres humanos e as diversas necessidades do mundo. Carisma, portanto, \u00e9 algo din\u00e2mico e dinamizador, capaz de contagiar outras pessoas no mesmo empenho e atualizar os ensinamentos de Jesus para o nosso tempo e as necessidades hodiernas. O Carisma Sigilli procura viver a dimens\u00e3o do IDE como voca\u00e7\u00e3o mission\u00e1ria, como solidariedade com os mais sofredores, no sentido de resgatar a plenitude do ser humano enquanto imagem e semelhan\u00e7a de Deus.<\/p>\n\n\n<div class=\"wp-block-image wp-image-303 size-full\">\n<figure class=\"alignleft size-large\"><img decoding=\"async\" width=\"1024\" height=\"704\" src=\"http:\/\/54.90.57.89\/wp-content\/uploads\/2024\/03\/Fotos-Visita-D-Luigi-013-montagem-ok-1024x704.jpg\" alt=\"\" class=\"wp-image-1376\" srcset=\"https:\/\/montetabor.org.br\/wp-content\/uploads\/2024\/03\/Fotos-Visita-D-Luigi-013-montagem-ok-1024x704.jpg 1024w, https:\/\/montetabor.org.br\/wp-content\/uploads\/2024\/03\/Fotos-Visita-D-Luigi-013-montagem-ok-300x206.jpg 300w, https:\/\/montetabor.org.br\/wp-content\/uploads\/2024\/03\/Fotos-Visita-D-Luigi-013-montagem-ok-768x528.jpg 768w, https:\/\/montetabor.org.br\/wp-content\/uploads\/2024\/03\/Fotos-Visita-D-Luigi-013-montagem-ok.jpg 1228w\" sizes=\"(max-width: 1024px) 100vw, 1024px\" \/><figcaption class=\"wp-element-caption\">Laura Ziller, D. Lugi Verz\u00e9 e L\u00facia Ferreira (sentados), Liliana Ronzoni (em p\u00e9). Foto: Arquivo Monte Tabor<\/figcaption><\/figure>\n<\/div>\n\n\n<p>A Obra deixou marcas significativas em v\u00e1rios locais na It\u00e1lia, no Brasil, no Chile, no Tibet, na \u00c1frica, na Col\u00f4mbia, na \u00cdndia e na Palestina. A dimens\u00e3o do ENSINAI \u00e9 uma consequ\u00eancia da miss\u00e3o e se traduz atrav\u00e9s da viv\u00eancia e da comunica\u00e7\u00e3o de valores que fa\u00e7am sobressair a dignidade da pessoa humana desde a sua concep\u00e7\u00e3o ao seu ocaso e como luta contra a ignor\u00e2ncia, a pobreza e todas as formas de escravid\u00e3o. A Universidade Vita-Salute \u2013 San Raffaele, em Mil\u00e3o, com suas faculdades de Filosofia, Psicologia, Medicina e, num Centro de Patrologia, s\u00e3o um grande testemunho de amor \u00e0 pesquisa, vista de forma transversal para poder melhor compreender \u201cQuem \u00e9 o ser humano?\u201d. Aqui no Brasil, as mais de 20 resid\u00eancias m\u00e9dicas consolidam ainda mais o aspecto ENSINAI constantes em nossa miss\u00e3o.<\/p>\n\n\n\n<p>Finalmente, a dimens\u00e3o do CURAI \u00e9 aquela para a qual est\u00e3o voltados a miss\u00e3o e o ensino, cujo objetivo principal \u00e9 a cura do ser humano na sua integralidade (bio-psico-espiritual). Todos os nossos colaboradores, de todas as \u00e1reas e unidades, s\u00e3o instigados a promover a cura como uma forma concreta do exerc\u00edcio da Medicina Sacerd\u00f3cio, que cabe a todos, independentemente da fun\u00e7\u00e3o que exer\u00e7a na Obra, segundo o imperativo do mandato evang\u00e9lico: \u201cIde, ensinai e curai\u201d. Podemos dizer que os Sigilli s\u00e3o a alma do Monte Tabor e tudo quanto, ao longo desses mais de 45 anos, v\u00eam realizando em prol do ser humano, nos mais diversos lugares e situa\u00e7\u00f5es. N\u00e3o se trata de uma bela ret\u00f3rica, muito embora, tenhamos, nos escritos do Fundador, D. Luigi Verz\u00e9, uma fonte inesgot\u00e1vel de inspira\u00e7\u00e3o, mas, antes, se trata de transformar a F\u00e9 em Obras.<\/p>\n\n\n\n<p>O Brasil, especialmente, a Bahia, ao longo dessas mais de quatro d\u00e9cadas de presen\u00e7a operosa, \u00e9 um exemplo luminoso da atualidade desse carisma que atravessou o Atl\u00e2ntico e fez com que aqui, nos Tr\u00f3picos, fizesse florescer frutos de ineg\u00e1veis sabores. Al\u00e9m do Hospital S\u00e3o Rafael, v\u00e1rias outras unidades surgiram ao longo dos anos, a saber: S\u00e3o Rafael \u2013 Flemming e Garibaldi (Av. Garibaldi), PAME (P\u00f3lo Petroqu\u00edmico de Cama\u00e7ari), Unidade de Emerg\u00eancia S\u00e3o Marcos, Hospital Deputado Luis Eduardo Magalh\u00e3es \u2013 Porto Seguro, Hospital 2 de Julho (S\u00e3o Marcos), Hospital Regional Dantas Bi\u00e3o (Alagoinhas), Hospital Municipal Ana Mariani (Barra), Laborat\u00f3rio S\u00e3o Rafael (Vilas do Atl\u00e2ntico), Centro de Oncologia Ir. Ludovica Sturaro (Pau da Lima) e a Unidade Onco (Pituba), al\u00e9m, \u00e9 claro, das diversas iniciativas sociais como Miss\u00e3o Barra, Creche Amor ao Pr\u00f3ximo, Escola de T\u00e9cnicos em Enfermagem S\u00e3o Rafael etc.<\/p>\n\n\n<div class=\"wp-block-image wp-image-304\">\n<figure class=\"alignleft size-full\"><img decoding=\"async\" width=\"1024\" height=\"683\" src=\"http:\/\/54.90.57.89\/wp-content\/uploads\/2024\/03\/20111225-Pranzo-di-Natale2-1024x683-1.jpg\" alt=\"\" class=\"wp-image-1377\" srcset=\"https:\/\/montetabor.org.br\/wp-content\/uploads\/2024\/03\/20111225-Pranzo-di-Natale2-1024x683-1.jpg 1024w, https:\/\/montetabor.org.br\/wp-content\/uploads\/2024\/03\/20111225-Pranzo-di-Natale2-1024x683-1-300x200.jpg 300w, https:\/\/montetabor.org.br\/wp-content\/uploads\/2024\/03\/20111225-Pranzo-di-Natale2-1024x683-1-768x512.jpg 768w\" sizes=\"(max-width: 1024px) 100vw, 1024px\" \/><figcaption class=\"wp-element-caption\">Comunidade Sigilli na It\u00e1lia. Foto: Arquivo Monte Tabor<\/figcaption><\/figure>\n<\/div>\n\n\n<p>Somente quem de perto acompanhou, ao longo dos anos, o desabrochar dessa frondosa \u00e1rvore poder\u00e1 avaliar com acuidade a intencionalidade, a seriedade, o pioneirismo e a f\u00e9 com que tudo isso foi e continua sendo gerido. A Comunidade Sigilli continua mais atual do que nunca, porque est\u00e1 plantada sobre a rocha firme que \u00e9 Cristo e seus ensinamentos e est\u00e1 aberta ao futuro com todos os seus inevit\u00e1veis desafios.<\/p>\n\n\n\n<p>A Comunidade Sigilli est\u00e1 aberta para receber pessoas maduras que se identifiquem com esse carisma de trabalhar pela Sa\u00fade Integral do Ser Humano. Na Declara\u00e7\u00e3o do Mil\u00eanio, promulgada pelo ONU, entre as oito principais metas a serem alcan\u00e7adas para o mundo tornar-se um lugar melhor, tr\u00eas delas dizem respeito \u00e0 SA\u00daDE. A messe \u00e9 grande e poucos s\u00e3o os oper\u00e1rios, j\u00e1 dizia Jesus h\u00e1 mais de dois mil\u00eanios. Coragem, disse tamb\u00e9m Ele, n\u00e3o tenhais medo!<\/p>\n","protected":false},"excerpt":{"rendered":"<p>A Associa\u00e7\u00e3o Sigilli \u00e9 uma associa\u00e7\u00e3o de fi\u00e9is leigos, formada por mulheres e homens, crist\u00e3os cat\u00f3licos, fundada pelo querido e saudoso sacerdote D. Luigi Maria Verz\u00e9, em 1966, em Verona \u2013 It\u00e1lia. Esta associa\u00e7\u00e3o, como tantas outras, possui uma miss\u00e3o e um carisma espec\u00edficos, ou seja, tomar como projeto de vida as palavras de Jesus \u201cIde, ensinai e curai\u201d, atrav\u00e9s da transfigura\u00e7\u00e3o da Medicina em sentido amplo. Sigillo, palavra italiana que significa selo ou marca, foi o nome escolhido por D. Verz\u00e9 para designar aqueles que foram marcados por Deus para uma miss\u00e3o dentro da Obra Monte Tabor. J\u00e1 a palavra carisma, significa gra\u00e7as especiais concedidas pelo Esp\u00edrito Santo \u00e0s pessoas que, por sua vez, se tornam comprometidas na Igreja, e fora dela, com o bem dos seres humanos e as diversas necessidades do mundo. Carisma, portanto, \u00e9 algo din\u00e2mico e dinamizador, capaz de contagiar outras pessoas no mesmo empenho e atualizar os ensinamentos de Jesus para o nosso tempo e as necessidades hodiernas. O Carisma Sigilli procura viver a dimens\u00e3o do IDE como voca\u00e7\u00e3o mission\u00e1ria, como solidariedade com os mais sofredores, no sentido de resgatar a plenitude do ser humano enquanto imagem e semelhan\u00e7a de Deus. A Obra deixou marcas significativas em v\u00e1rios locais na It\u00e1lia, no Brasil, no Chile, no Tibet, na \u00c1frica, na Col\u00f4mbia, na \u00cdndia e na Palestina. A dimens\u00e3o do ENSINAI \u00e9 uma consequ\u00eancia da miss\u00e3o e se traduz atrav\u00e9s da viv\u00eancia e da comunica\u00e7\u00e3o de valores que fa\u00e7am sobressair a dignidade da pessoa humana desde a sua concep\u00e7\u00e3o ao seu ocaso e como luta contra a ignor\u00e2ncia, a pobreza e todas as formas de escravid\u00e3o. A Universidade Vita-Salute \u2013 San Raffaele, em Mil\u00e3o, com suas faculdades de Filosofia, Psicologia, Medicina e, num Centro de Patrologia, s\u00e3o um grande testemunho de amor \u00e0 pesquisa, vista de forma transversal para poder melhor compreender \u201cQuem \u00e9 o ser humano?\u201d. Aqui no Brasil, as mais de 20 resid\u00eancias m\u00e9dicas consolidam ainda mais o aspecto ENSINAI constantes em nossa miss\u00e3o. Finalmente, a dimens\u00e3o do CURAI \u00e9 aquela para a qual est\u00e3o voltados a miss\u00e3o e o ensino, cujo objetivo principal \u00e9 a cura do ser humano na sua integralidade (bio-psico-espiritual). Todos os nossos colaboradores, de todas as \u00e1reas e unidades, s\u00e3o instigados a promover a cura como uma forma concreta do exerc\u00edcio da Medicina Sacerd\u00f3cio, que cabe a todos, independentemente da fun\u00e7\u00e3o que exer\u00e7a na Obra, segundo o imperativo do mandato evang\u00e9lico: \u201cIde, ensinai e curai\u201d. Podemos dizer que os Sigilli s\u00e3o a alma do Monte Tabor e tudo quanto, ao longo desses mais de 45 anos, v\u00eam realizando em prol do ser humano, nos mais diversos lugares e situa\u00e7\u00f5es. N\u00e3o se trata de uma bela ret\u00f3rica, muito embora, tenhamos, nos escritos do Fundador, D. Luigi Verz\u00e9, uma fonte inesgot\u00e1vel de inspira\u00e7\u00e3o, mas, antes, se trata de transformar a F\u00e9 em Obras. O Brasil, especialmente, a Bahia, ao longo dessas mais de quatro d\u00e9cadas de presen\u00e7a operosa, \u00e9 um exemplo luminoso da atualidade desse carisma que atravessou o Atl\u00e2ntico e fez com que aqui, nos Tr\u00f3picos, fizesse florescer frutos de ineg\u00e1veis sabores. Al\u00e9m do Hospital S\u00e3o Rafael, v\u00e1rias outras unidades surgiram ao longo dos anos, a saber: S\u00e3o Rafael \u2013 Flemming e Garibaldi (Av. Garibaldi), PAME (P\u00f3lo Petroqu\u00edmico de Cama\u00e7ari), Unidade de Emerg\u00eancia S\u00e3o Marcos, Hospital Deputado Luis Eduardo Magalh\u00e3es \u2013 Porto Seguro, Hospital 2 de Julho (S\u00e3o Marcos), Hospital Regional Dantas Bi\u00e3o (Alagoinhas), Hospital Municipal Ana Mariani (Barra), Laborat\u00f3rio S\u00e3o Rafael (Vilas do Atl\u00e2ntico), Centro de Oncologia Ir. Ludovica Sturaro (Pau da Lima) e a Unidade Onco (Pituba), al\u00e9m, \u00e9 claro, das diversas iniciativas sociais como Miss\u00e3o Barra, Creche Amor ao Pr\u00f3ximo, Escola de T\u00e9cnicos em Enfermagem S\u00e3o Rafael etc. Somente quem de perto acompanhou, ao longo dos anos, o desabrochar dessa frondosa \u00e1rvore poder\u00e1 avaliar com acuidade a intencionalidade, a seriedade, o pioneirismo e a f\u00e9 com que tudo isso foi e continua sendo gerido. A Comunidade Sigilli continua mais atual do que nunca, porque est\u00e1 plantada sobre a rocha firme que \u00e9 Cristo e seus ensinamentos e est\u00e1 aberta ao futuro com todos os seus inevit\u00e1veis desafios. A Comunidade Sigilli est\u00e1 aberta para receber pessoas maduras que se identifiquem com esse carisma de trabalhar pela Sa\u00fade Integral do Ser Humano. Na Declara\u00e7\u00e3o do Mil\u00eanio, promulgada pelo ONU, entre as oito principais metas a serem alcan\u00e7adas para o mundo tornar-se um lugar melhor, tr\u00eas delas dizem respeito \u00e0 SA\u00daDE. A messe \u00e9 grande e poucos s\u00e3o os oper\u00e1rios, j\u00e1 dizia Jesus h\u00e1 mais de dois mil\u00eanios. Coragem, disse tamb\u00e9m Ele, n\u00e3o tenhais medo!<\/p>\n","protected":false},"author":1,"featured_media":0,"parent":0,"menu_order":0,"comment_status":"closed","ping_status":"closed","template":"","meta":{"footnotes":""},"class_list":["post-1305","page","type-page","status-publish","hentry"],"jetpack_sharing_enabled":true,"_links":{"self":[{"href":"https:\/\/montetabor.org.br\/index.php\/wp-json\/wp\/v2\/pages\/1305","targetHints":{"allow":["GET"]}}],"collection":[{"href":"https:\/\/montetabor.org.br\/index.php\/wp-json\/wp\/v2\/pages"}],"about":[{"href":"https:\/\/montetabor.org.br\/index.php\/wp-json\/wp\/v2\/types\/page"}],"author":[{"embeddable":true,"href":"https:\/\/montetabor.org.br\/index.php\/wp-json\/wp\/v2\/users\/1"}],"replies":[{"embeddable":true,"href":"https:\/\/montetabor.org.br\/index.php\/wp-json\/wp\/v2\/comments?post=1305"}],"version-history":[{"count":3,"href":"https:\/\/montetabor.org.br\/index.php\/wp-json\/wp\/v2\/pages\/1305\/revisions"}],"predecessor-version":[{"id":1534,"href":"https:\/\/montetabor.org.br\/index.php\/wp-json\/wp\/v2\/pages\/1305\/revisions\/1534"}],"wp:attachment":[{"href":"https:\/\/montetabor.org.br\/index.php\/wp-json\/wp\/v2\/media?parent=1305"}],"curies":[{"name":"wp","href":"https:\/\/api.w.org\/{rel}","templated":true}]}}