{"id":1302,"date":"2019-12-21T16:23:56","date_gmt":"2019-12-21T16:23:56","guid":{"rendered":"http:\/\/www.montetabor.org.br\/?page_id=143"},"modified":"2024-03-19T20:22:07","modified_gmt":"2024-03-19T20:22:07","slug":"a-instituicao","status":"publish","type":"page","link":"https:\/\/montetabor.org.br\/index.php\/a-instituicao\/","title":{"rendered":"A Institui\u00e7\u00e3o"},"content":{"rendered":"<div class=\"wp-block-image wp-image-144\">\n<figure class=\"aligncenter size-full\"><img fetchpriority=\"high\" decoding=\"async\" width=\"1024\" height=\"765\" src=\"http:\/\/54.90.57.89\/wp-content\/uploads\/2024\/03\/01-1980_CASA-SEDE-MONTE-TABOR-1980-1024x765-1.jpg\" alt=\"\" class=\"wp-image-1361\" srcset=\"https:\/\/montetabor.org.br\/wp-content\/uploads\/2024\/03\/01-1980_CASA-SEDE-MONTE-TABOR-1980-1024x765-1.jpg 1024w, https:\/\/montetabor.org.br\/wp-content\/uploads\/2024\/03\/01-1980_CASA-SEDE-MONTE-TABOR-1980-1024x765-1-300x224.jpg 300w, https:\/\/montetabor.org.br\/wp-content\/uploads\/2024\/03\/01-1980_CASA-SEDE-MONTE-TABOR-1980-1024x765-1-768x574.jpg 768w\" sizes=\"(max-width: 1024px) 100vw, 1024px\" \/><figcaption class=\"wp-element-caption\">Sede do Monte Tabor \u2013 Centro \u00cdtalo-Brasilieiro do Promo\u00e7\u00e3o Sanit\u00e1ria. Foto: Arquivo Monte Tabor<\/figcaption><\/figure>\n<\/div>\n\n\n<p>O Monte Tabor \u2013 Centro \u00cdtalo-Brasileiro de Promo\u00e7\u00e3o Sanit\u00e1ria, fundado em 6 de agosto de 1974, pelo professor e sacerdote italiano D. Luigi Maria Verz\u00e9, \u00e9 uma associa\u00e7\u00e3o sem fins lucrativos, de car\u00e1ter beneficente e assistencial, com sede em Salvador-BA, registrada no Conselho Nacional de Assist\u00eancia Social, reconhecida de utilidade p\u00fablica pelos governos federal, estadual e municipal.<\/p>\n\n\n\n<p>A institui\u00e7\u00e3o desempenha suas atividades inspirada no mandamento evang\u00e9lico&nbsp;<strong>\u201cIde, ensinai e curai\u201d<\/strong>&nbsp;(Mateus 10.8), atuando conforme o conceito crist\u00e3o de Medicina e de Assist\u00eancia, explicitado no Art. 4\u00ba de seu estatuto, que diz:<\/p>\n\n\n\n<p><strong>\u201cArt. 4\u00ba \u2013&nbsp;<\/strong>O Monte Tabor Centro \u00cdtalo-Brasileiro de Promo\u00e7\u00e3o Sanit\u00e1ria tem por finalidade:<\/p>\n\n\n\n<ul class=\"wp-block-list\">\n<li>I. cria\u00e7\u00e3o e manuten\u00e7\u00e3o de estabelecimentos m\u00e9dico-hospitalares e assistenciais;<\/li>\n\n\n\n<li>II. realiza\u00e7\u00e3o de cursos de forma\u00e7\u00e3o profissional;<\/li>\n\n\n\n<li>III. forma\u00e7\u00e3o de pessoal especializado em institui\u00e7\u00f5es na \u00e1rea da sa\u00fade e assistencial, inteiramente inspirado no mandamento evang\u00e9lico \u201cCURAI OS DOENTES\u201d (Mt. 10.8), assimilando e colaborando com as iniciativas eclesi\u00e1sticas e legais dentro de um conceito crist\u00e3o de Medicina e Assist\u00eancia;<\/li>\n\n\n\n<li>IV. desenvolvimento da assist\u00eancia m\u00e9dico-hospitalar;<\/li>\n\n\n\n<li>V. desenvolvimento do ensino e da cultura cient\u00edfica;<\/li>\n\n\n\n<li>VI. forma\u00e7\u00e3o espiritual;<\/li>\n\n\n\n<li>VII. atendimento \u00e0s camadas sociais menos favorecidas, de acordo com os princ\u00edpios deste estatuto;<\/li>\n\n\n\n<li>VIII. promo\u00e7\u00e3o do voluntariado.<\/li>\n<\/ul>\n\n\n<div class=\"wp-block-image wp-image-145\">\n<figure class=\"aligncenter size-full\"><img decoding=\"async\" width=\"1024\" height=\"681\" src=\"http:\/\/54.90.57.89\/wp-content\/uploads\/2024\/03\/San-Raffaele032-color-1024x681-1.jpg\" alt=\"\" class=\"wp-image-1362\" srcset=\"https:\/\/montetabor.org.br\/wp-content\/uploads\/2024\/03\/San-Raffaele032-color-1024x681-1.jpg 1024w, https:\/\/montetabor.org.br\/wp-content\/uploads\/2024\/03\/San-Raffaele032-color-1024x681-1-300x200.jpg 300w, https:\/\/montetabor.org.br\/wp-content\/uploads\/2024\/03\/San-Raffaele032-color-1024x681-1-768x511.jpg 768w\" sizes=\"(max-width: 1024px) 100vw, 1024px\" \/><figcaption class=\"wp-element-caption\">Milano, San Raffaele, panoramica della struttura ospedaliera<\/figcaption><\/figure>\n<\/div>\n\n\n<p>A preocupa\u00e7\u00e3o com as quest\u00f5es sociais que assolam o planeta era uma caracter\u00edstica marcante que ajudou a formar a personalidade do professor e sacerdote italiano, Luigi Maria Verz\u00e9, desde a sua inf\u00e2ncia.&nbsp; A vontade de operar mudan\u00e7as e promover o desenvolvimento social e humano s\u00f3 era menor que a cren\u00e7a na necessidade de edifica\u00e7\u00e3o, em todo o planeta, do homem integral,&nbsp; \u00e0 imagem de Deus, uma busca perseguida at\u00e9 hoje, fazendo da Medicina definitivamente um dos principais elos entre a ci\u00eancia e o sacro. Assim, se ordenou sacerdote aos 28 anos e transformou a mensagem \u201cIde, Ensinai e Curai\u201d em uma bandeira de vida.&nbsp;A batalha come\u00e7ou na It\u00e1lia com a cria\u00e7\u00e3o de centros de assist\u00eancia, que permitiram, d\u00e9cadas depois, o surgimento da Associazione Monte Tabor, dando vida \u00e0 Fondazione San Raffaele e, consequentemente, ao Ospedale San Raffaele. Em seguida, fundou a Universidade Vita-Salute e o DIBIT (Departamento de Biotecnologias), em Mil\u00e3o.<\/p>\n\n\n\n<figure class=\"wp-block-image alignnone size-full wp-image-146\"><img decoding=\"async\" width=\"1024\" height=\"681\" src=\"http:\/\/54.90.57.89\/wp-content\/uploads\/2024\/03\/San-Raffaele032-color-1024x681-1-1.jpg\" alt=\"\" class=\"wp-image-1363\" srcset=\"https:\/\/montetabor.org.br\/wp-content\/uploads\/2024\/03\/San-Raffaele032-color-1024x681-1-1.jpg 1024w, https:\/\/montetabor.org.br\/wp-content\/uploads\/2024\/03\/San-Raffaele032-color-1024x681-1-1-300x200.jpg 300w, https:\/\/montetabor.org.br\/wp-content\/uploads\/2024\/03\/San-Raffaele032-color-1024x681-1-1-768x511.jpg 768w\" sizes=\"(max-width: 1024px) 100vw, 1024px\" \/><figcaption class=\"wp-element-caption\">Milano, San Raffaele, panoramica della struttura ospedaliera<\/figcaption><\/figure>\n\n\n\n<p>As a\u00e7\u00f5es de D. Luigi Verz\u00e9 ultrapassaram as fronteiras da It\u00e1lia e, em meados da d\u00e9cada de 1970, chegaram ao Brasil. Com a ajuda das Sigillis, fundou o Monte Tabor \u2013 Centro \u00cdtalo-Brasileiro de Promo\u00e7\u00e3o Sanit\u00e1ria, na Bahia e revolucionou a medicina local. A partir de ent\u00e3o, as conquistas n\u00e3o pararam mais. Em 1980, foi fundado o Laborat\u00f3rio de Patologia Cl\u00ednica e Toxicologia, em 1985, foi a vez de inaugurar o Poliambulat\u00f3rio, com Centro Diagn\u00f3stico e, no in\u00edcio da d\u00e9cada de 1990, o Monte Tabor inaugurou o Hospital S\u00e3o Rafael.<\/p>\n\n\n\n<p>Atualmente, este hospital mant\u00e9m a tradi\u00e7\u00e3o do servi\u00e7o m\u00e9dico de excel\u00eancia oferecido pelas institui\u00e7\u00f5es europeias. Al\u00e9m do Hospital S\u00e3o Rafael, o Monte Tabor j\u00e1 geriu na Bahia, o Hospital 2 de Julho, as Unidades Fleming, Garibaldi e Onco, al\u00e9m do Centro de Oncologia Irm\u00e3 Ludovica Sturaro, em Salvador, a Unidade S\u00e3o Rafael Vilas, em Lauro de Freitas, na regi\u00e3o metropolitana,&nbsp; e&nbsp; o Hospital Ana Mariani, na Barra-Ba.<\/p>\n\n\n\n<figure class=\"wp-block-image alignnone wp-image-147\"><img decoding=\"async\" src=\"http:\/\/www.montetabor.org.br\/wp-content\/uploads\/2019\/12\/DSC03775-c\u00f3pia-1024x768-1.jpg\" alt=\"\" class=\"wp-image-147\"\/><figcaption class=\"wp-element-caption\">Hospital 2 de Julho, no bairro de Pau da Lima, Salvador-BA. Foto:Arquivo Monte Tabor<\/figcaption><\/figure>\n\n\n\n<p>Como Organiza\u00e7\u00e3o Social, o Monte Tabor&nbsp;&nbsp;colaborou com o Estado da Bahia e a Prefeitura de Salvador na gest\u00e3o e administra\u00e7\u00e3o de estruturas p\u00fablicas, como o Hospital Deputado Luis Eduardo Magalh\u00e3es , em Porto Seguro (at\u00e9 31\/08\/2015), o Hospital Regional Dantas Bi\u00e3o, em Alagoinhas, e a Unidade de Emerg\u00eancia S\u00e3o Marcos, em Salvador, at\u00e9 2016.<\/p>\n\n\n\n<p>No campo da pesquisa, o Monte Tabor foi respons\u00e1vel, em 2009, pela cria\u00e7\u00e3o do Centro de Biotecnologia e Terapia Celular (CBTC) do Hospital S\u00e3o Rafael, um dos oito Centros de Terapia Celular credenciados pelo Minist\u00e9rio da Sa\u00fade para o manejo de c\u00e9lulas-tronco em n\u00edvel de boas pr\u00e1ticas de manufatura (GMP \u2013 good manufacture practice).<\/p>\n\n\n\n<p>Todas estas conquistas comprovam a refer\u00eancia nacional em assist\u00eancia, ensino, pesquisa e participa\u00e7\u00e3o social do Monte Tabor&nbsp;na Bahia.<\/p>\n","protected":false},"excerpt":{"rendered":"<p>O Monte Tabor \u2013 Centro \u00cdtalo-Brasileiro de Promo\u00e7\u00e3o Sanit\u00e1ria, fundado em 6 de agosto de 1974, pelo professor e sacerdote italiano D. Luigi Maria Verz\u00e9, \u00e9 uma associa\u00e7\u00e3o sem fins lucrativos, de car\u00e1ter beneficente e assistencial, com sede em Salvador-BA, registrada no Conselho Nacional de Assist\u00eancia Social, reconhecida de utilidade p\u00fablica pelos governos federal, estadual e municipal. A institui\u00e7\u00e3o desempenha suas atividades inspirada no mandamento evang\u00e9lico&nbsp;\u201cIde, ensinai e curai\u201d&nbsp;(Mateus 10.8), atuando conforme o conceito crist\u00e3o de Medicina e de Assist\u00eancia, explicitado no Art. 4\u00ba de seu estatuto, que diz: \u201cArt. 4\u00ba \u2013&nbsp;O Monte Tabor Centro \u00cdtalo-Brasileiro de Promo\u00e7\u00e3o Sanit\u00e1ria tem por finalidade: A preocupa\u00e7\u00e3o com as quest\u00f5es sociais que assolam o planeta era uma caracter\u00edstica marcante que ajudou a formar a personalidade do professor e sacerdote italiano, Luigi Maria Verz\u00e9, desde a sua inf\u00e2ncia.&nbsp; A vontade de operar mudan\u00e7as e promover o desenvolvimento social e humano s\u00f3 era menor que a cren\u00e7a na necessidade de edifica\u00e7\u00e3o, em todo o planeta, do homem integral,&nbsp; \u00e0 imagem de Deus, uma busca perseguida at\u00e9 hoje, fazendo da Medicina definitivamente um dos principais elos entre a ci\u00eancia e o sacro. Assim, se ordenou sacerdote aos 28 anos e transformou a mensagem \u201cIde, Ensinai e Curai\u201d em uma bandeira de vida.&nbsp;A batalha come\u00e7ou na It\u00e1lia com a cria\u00e7\u00e3o de centros de assist\u00eancia, que permitiram, d\u00e9cadas depois, o surgimento da Associazione Monte Tabor, dando vida \u00e0 Fondazione San Raffaele e, consequentemente, ao Ospedale San Raffaele. Em seguida, fundou a Universidade Vita-Salute e o DIBIT (Departamento de Biotecnologias), em Mil\u00e3o. As a\u00e7\u00f5es de D. Luigi Verz\u00e9 ultrapassaram as fronteiras da It\u00e1lia e, em meados da d\u00e9cada de 1970, chegaram ao Brasil. Com a ajuda das Sigillis, fundou o Monte Tabor \u2013 Centro \u00cdtalo-Brasileiro de Promo\u00e7\u00e3o Sanit\u00e1ria, na Bahia e revolucionou a medicina local. A partir de ent\u00e3o, as conquistas n\u00e3o pararam mais. Em 1980, foi fundado o Laborat\u00f3rio de Patologia Cl\u00ednica e Toxicologia, em 1985, foi a vez de inaugurar o Poliambulat\u00f3rio, com Centro Diagn\u00f3stico e, no in\u00edcio da d\u00e9cada de 1990, o Monte Tabor inaugurou o Hospital S\u00e3o Rafael. Atualmente, este hospital mant\u00e9m a tradi\u00e7\u00e3o do servi\u00e7o m\u00e9dico de excel\u00eancia oferecido pelas institui\u00e7\u00f5es europeias. Al\u00e9m do Hospital S\u00e3o Rafael, o Monte Tabor j\u00e1 geriu na Bahia, o Hospital 2 de Julho, as Unidades Fleming, Garibaldi e Onco, al\u00e9m do Centro de Oncologia Irm\u00e3 Ludovica Sturaro, em Salvador, a Unidade S\u00e3o Rafael Vilas, em Lauro de Freitas, na regi\u00e3o metropolitana,&nbsp; e&nbsp; o Hospital Ana Mariani, na Barra-Ba. Como Organiza\u00e7\u00e3o Social, o Monte Tabor&nbsp;&nbsp;colaborou com o Estado da Bahia e a Prefeitura de Salvador na gest\u00e3o e administra\u00e7\u00e3o de estruturas p\u00fablicas, como o Hospital Deputado Luis Eduardo Magalh\u00e3es , em Porto Seguro (at\u00e9 31\/08\/2015), o Hospital Regional Dantas Bi\u00e3o, em Alagoinhas, e a Unidade de Emerg\u00eancia S\u00e3o Marcos, em Salvador, at\u00e9 2016. No campo da pesquisa, o Monte Tabor foi respons\u00e1vel, em 2009, pela cria\u00e7\u00e3o do Centro de Biotecnologia e Terapia Celular (CBTC) do Hospital S\u00e3o Rafael, um dos oito Centros de Terapia Celular credenciados pelo Minist\u00e9rio da Sa\u00fade para o manejo de c\u00e9lulas-tronco em n\u00edvel de boas pr\u00e1ticas de manufatura (GMP \u2013 good manufacture practice). Todas estas conquistas comprovam a refer\u00eancia nacional em assist\u00eancia, ensino, pesquisa e participa\u00e7\u00e3o social do Monte Tabor&nbsp;na Bahia.<\/p>\n","protected":false},"author":1,"featured_media":0,"parent":0,"menu_order":0,"comment_status":"closed","ping_status":"closed","template":"","meta":{"footnotes":""},"class_list":["post-1302","page","type-page","status-publish","hentry"],"jetpack_sharing_enabled":true,"_links":{"self":[{"href":"https:\/\/montetabor.org.br\/index.php\/wp-json\/wp\/v2\/pages\/1302","targetHints":{"allow":["GET"]}}],"collection":[{"href":"https:\/\/montetabor.org.br\/index.php\/wp-json\/wp\/v2\/pages"}],"about":[{"href":"https:\/\/montetabor.org.br\/index.php\/wp-json\/wp\/v2\/types\/page"}],"author":[{"embeddable":true,"href":"https:\/\/montetabor.org.br\/index.php\/wp-json\/wp\/v2\/users\/1"}],"replies":[{"embeddable":true,"href":"https:\/\/montetabor.org.br\/index.php\/wp-json\/wp\/v2\/comments?post=1302"}],"version-history":[{"count":2,"href":"https:\/\/montetabor.org.br\/index.php\/wp-json\/wp\/v2\/pages\/1302\/revisions"}],"predecessor-version":[{"id":1364,"href":"https:\/\/montetabor.org.br\/index.php\/wp-json\/wp\/v2\/pages\/1302\/revisions\/1364"}],"wp:attachment":[{"href":"https:\/\/montetabor.org.br\/index.php\/wp-json\/wp\/v2\/media?parent=1302"}],"curies":[{"name":"wp","href":"https:\/\/api.w.org\/{rel}","templated":true}]}}