{"id":1104,"date":"2022-09-19T00:34:41","date_gmt":"2022-09-19T03:34:41","guid":{"rendered":"http:\/\/www.montetabor.org.br\/?page_id=1104"},"modified":"2024-03-19T21:08:01","modified_gmt":"2024-03-19T21:08:01","slug":"luigi-verze-ambulatorio-social","status":"publish","type":"page","link":"https:\/\/montetabor.org.br\/index.php\/luigi-verze-ambulatorio-social\/","title":{"rendered":"Luigi Verz\u00e9 &#8211; Ambulat\u00f3rio Social"},"content":{"rendered":"<div class=\"wp-block-image\">\n<figure class=\"alignleft size-full\"><img fetchpriority=\"high\" decoding=\"async\" width=\"768\" height=\"768\" src=\"http:\/\/54.90.57.89\/wp-content\/uploads\/2024\/03\/5627fbc7-4e16-4bf6-877c-13a01e4a61c9.jpg\" alt=\"\" class=\"wp-image-1445\" srcset=\"https:\/\/montetabor.org.br\/wp-content\/uploads\/2024\/03\/5627fbc7-4e16-4bf6-877c-13a01e4a61c9.jpg 768w, https:\/\/montetabor.org.br\/wp-content\/uploads\/2024\/03\/5627fbc7-4e16-4bf6-877c-13a01e4a61c9-300x300.jpg 300w, https:\/\/montetabor.org.br\/wp-content\/uploads\/2024\/03\/5627fbc7-4e16-4bf6-877c-13a01e4a61c9-150x150.jpg 150w\" sizes=\"(max-width: 768px) 100vw, 768px\" \/><\/figure>\n<\/div>\n\n\n<p><span style=\"font-weight: 400;\">H\u00e1 quase cinco d\u00e9cadas no Brasil e, mais precisamente, na Bahia, o Monte Tabor &#8211; Centro \u00cdtalo-Brasileiro de Promo\u00e7\u00e3o Sanit\u00e1ria, segue firme com a sua miss\u00e3o &#8220;Ide, Ensinai, Curai&#8221;. E para curar, torna-se necess\u00e1rio cuidar da sa\u00fade das pessoas, sobretudo, daquelas que mais precisam de assist\u00eancia e esbarram na desigualdade social e, consequentemente, na n\u00e3o garantia de seus direitos fundamentais. E \u00e9 justamente para assistir a quem mais precisa, que o Monte Tabor fundou, em 2021, no bairro de Pau da Lima (na \u00e1rea da antiga escola da Irm\u00e3s Campostrini), em Salvador\/BA, uma unidade de sa\u00fade para prestar assist\u00eancia m\u00e9dica gratuita \u00e0 popula\u00e7\u00e3o menos favorecida. Trata-se do <\/span><b>Luigi Verz\u00e9 &#8211; Ambulat\u00f3rio Social,&nbsp;<\/b><\/p>\n\n\n\n<p><span style=\"font-weight: 400;\">A mais recente Obra do Monte Tabor, que chegou \u00e0 Bahia na d\u00e9cada de 1970, leva o nome do fundador da institui\u00e7\u00e3o. O Luigi Verz\u00e9 &#8211; Ambulat\u00f3rio Social,&nbsp; por meio de uma parceria com o Instituto H\u00f3lon\/Vida Plena, realiza atendimentos m\u00e9dicos especializados nas \u00e1reas de Pediatria, Cardiologia, Cl\u00ednica M\u00e9dica, Ortopedia, Nefrologia, Ginecologia, Urologia e Ultrassonografia.<\/span><\/p>\n\n\n\n<p><span style=\"font-weight: 400;\">O Ambulat\u00f3rio Luigi Verz\u00e9 est\u00e1 em funcionamento desde o dia 7 de junho de 2021, em um complexo onde funciona tamb\u00e9m o Benjamin &#8211; Centro de Tratamento de Doen\u00e7as e \u00dalceras Vasculares e o Ludovica &#8211; Centro de Educa\u00e7\u00e3o Profissional, outras unidades mantidas pelo Monte Tabor. O agendamento de consultas \u00e9 realizado, por meio do telefone (71) 3409-8125.<\/span><\/p>\n","protected":false},"excerpt":{"rendered":"<p>H\u00e1 quase cinco d\u00e9cadas no Brasil e, mais precisamente, na Bahia, o Monte Tabor &#8211; Centro \u00cdtalo-Brasileiro de Promo\u00e7\u00e3o Sanit\u00e1ria, segue firme com a sua miss\u00e3o &#8220;Ide, Ensinai, Curai&#8221;. E para curar, torna-se necess\u00e1rio cuidar da sa\u00fade das pessoas, sobretudo, daquelas que mais precisam de assist\u00eancia e esbarram na desigualdade social e, consequentemente, na n\u00e3o garantia de seus direitos fundamentais. E \u00e9 justamente para assistir a quem mais precisa, que o Monte Tabor fundou, em 2021, no bairro de Pau da Lima (na \u00e1rea da antiga escola da Irm\u00e3s Campostrini), em Salvador\/BA, uma unidade de sa\u00fade para prestar assist\u00eancia m\u00e9dica gratuita \u00e0 popula\u00e7\u00e3o menos favorecida. Trata-se do Luigi Verz\u00e9 &#8211; Ambulat\u00f3rio Social,&nbsp; A mais recente Obra do Monte Tabor, que chegou \u00e0 Bahia na d\u00e9cada de 1970, leva o nome do fundador da institui\u00e7\u00e3o. O Luigi Verz\u00e9 &#8211; Ambulat\u00f3rio Social,&nbsp; por meio de uma parceria com o Instituto H\u00f3lon\/Vida Plena, realiza atendimentos m\u00e9dicos especializados nas \u00e1reas de Pediatria, Cardiologia, Cl\u00ednica M\u00e9dica, Ortopedia, Nefrologia, Ginecologia, Urologia e Ultrassonografia. O Ambulat\u00f3rio Luigi Verz\u00e9 est\u00e1 em funcionamento desde o dia 7 de junho de 2021, em um complexo onde funciona tamb\u00e9m o Benjamin &#8211; Centro de Tratamento de Doen\u00e7as e \u00dalceras Vasculares e o Ludovica &#8211; Centro de Educa\u00e7\u00e3o Profissional, outras unidades mantidas pelo Monte Tabor. O agendamento de consultas \u00e9 realizado, por meio do telefone (71) 3409-8125.<\/p>\n","protected":false},"author":1,"featured_media":0,"parent":0,"menu_order":0,"comment_status":"closed","ping_status":"closed","template":"","meta":{"footnotes":""},"class_list":["post-1104","page","type-page","status-publish","hentry"],"jetpack_sharing_enabled":true,"_links":{"self":[{"href":"https:\/\/montetabor.org.br\/index.php\/wp-json\/wp\/v2\/pages\/1104","targetHints":{"allow":["GET"]}}],"collection":[{"href":"https:\/\/montetabor.org.br\/index.php\/wp-json\/wp\/v2\/pages"}],"about":[{"href":"https:\/\/montetabor.org.br\/index.php\/wp-json\/wp\/v2\/types\/page"}],"author":[{"embeddable":true,"href":"https:\/\/montetabor.org.br\/index.php\/wp-json\/wp\/v2\/users\/1"}],"replies":[{"embeddable":true,"href":"https:\/\/montetabor.org.br\/index.php\/wp-json\/wp\/v2\/comments?post=1104"}],"version-history":[{"count":1,"href":"https:\/\/montetabor.org.br\/index.php\/wp-json\/wp\/v2\/pages\/1104\/revisions"}],"predecessor-version":[{"id":1447,"href":"https:\/\/montetabor.org.br\/index.php\/wp-json\/wp\/v2\/pages\/1104\/revisions\/1447"}],"wp:attachment":[{"href":"https:\/\/montetabor.org.br\/index.php\/wp-json\/wp\/v2\/media?parent=1104"}],"curies":[{"name":"wp","href":"https:\/\/api.w.org\/{rel}","templated":true}]}}